{"id":1681,"date":"2022-12-13T13:09:12","date_gmt":"2022-12-13T13:09:12","guid":{"rendered":"https:\/\/web49967.greatnet-hosting.de\/wordpress_10\/?page_id=1681"},"modified":"2023-11-29T11:14:42","modified_gmt":"2023-11-29T11:14:42","slug":"offenes-lernen","status":"publish","type":"page","link":"https:\/\/mhgmesskirch.de\/mhg\/?page_id=1681","title":{"rendered":"Offenes Lernen"},"content":{"rendered":"\n<p>Das Offene Lernen stellt eine S\u00e4ule des p\u00e4dagogischen Konzepts am Martin-Heidegger-Gymnasium dar. Inhalte des Leitbildes werden hier praktisch umgesetzt, wenn es darum geht, die Eigenverantwortung des einzelnen Sch\u00fclers f\u00fcr den Lernprozess zu st\u00e4rken, differenziert zu lernen und damit auf die Schw\u00e4chen und St\u00e4rken des Einzelnen einzugehen, im Team zu arbeiten, kreativ nach L\u00f6sungen zu suchen, sich an Regeln und Absprachen zu halten und anderen zu helfen. In diesem Sinne ist das Ziel des Offenen Lernens neben der Vermittlung und Festigung einer soliden Fachkompetenz auch, methodische, soziale und personale Kompetenzen zu f\u00f6rdern sowie den Unterricht zu \u00f6ffnen und zu flexibilisieren. Eine Einf\u00fchrung in das Offene Lernen erfolgt zu Beginn jedes Schuljahres.<\/p>\n\n\n\n<h2 class=\"wp-block-heading\">Beschreibung des Offenen Lernens<\/h2>\n\n\n\n<p>Aufgaben werden \u00fcber l\u00e4ngeren Zeitraum selbst\u00e4ndig bearbeitet.<\/p>\n\n\n\n<p>Findet in bestimmen F\u00e4chern der Klassenstufen 5 bis 8 statt.<\/p>\n\n\n\n<p>Das Offene Lernen umfasst vier Wochenstunden.<\/p>\n\n\n\n<p>Aufgaben aller F\u00e4cher werden in einem eigenst\u00e4ndig gef\u00fchrten Ordner gesammelt.<\/p>\n\n\n\n<p>Aufgaben werden in Einzel-, Partner- oder Gruppenarbeit gel\u00f6st.<\/p>\n\n\n\n<p>Gearbeitet wird innerhalb und au\u00dferhalb des Klassenzimmers.<\/p>\n\n\n\n<h2 class=\"wp-block-heading\">Begr\u00fcndung des Offenen Lernens<\/h2>\n\n\n\n<p>Sch\u00fclerzentrierte Unterrichtsformen haben im Bildungsplan einen hohen Stellenwert.<\/p>\n\n\n\n<p>Ein\u00fcbung sogenannter \u201eSchl\u00fcsselqualifikationen\u201c.<\/p>\n\n\n\n<p>Neben der fachlichen und der methodischen Kompetenz werden auch die personale und soziale Kompetenz gef\u00f6rdert.<\/p>\n\n\n\n<p>Offenere Unterrichtsformen bieten die M\u00f6glichkeit einer Binnendifferenzierung und damit einer gezielten F\u00f6rderung.<\/p>\n\n\n\n<p>\u00dcbereinstimmung mit den Kernpunkten des Leitbildes unserer Schule.<\/p>\n\n\n\n<h2 class=\"wp-block-heading\">Ziele des Offenen Lernens<\/h2>\n\n\n\n<p>Aneignung fachlichen Wissens<\/p>\n\n\n\n<p>Ein\u00fcbung von Arbeits- und Recherchetechniken<\/p>\n\n\n\n<p>F\u00f6rderung der Selbstst\u00e4ndigkeit<\/p>\n\n\n\n<p>Kreatives Erschlie\u00dfen von L\u00f6sungswegen<\/p>\n\n\n\n<p>Planungsf\u00e4higkeit und Zielorientierung<\/p>\n\n\n\n<p>Zeiteinteilung und Selbstorganisation<\/p>\n\n\n\n<p>Konzentration und Ausdauer<\/p>\n\n\n\n<p>Beurteilung des eigenen Lernprozesses<\/p>\n\n\n\n<p>Teamf\u00e4higkeit und R\u00fccksichtnahme<\/p>\n","protected":false},"excerpt":{"rendered":"<p>Das Offene Lernen stellt eine S\u00e4ule des p\u00e4dagogischen Konzepts am Martin-Heidegger-Gymnasium dar. Inhalte des Leitbildes werden hier praktisch umgesetzt, wenn es darum geht, die Eigenverantwortung des einzelnen Sch\u00fclers f\u00fcr den Lernprozess zu st\u00e4rken, differenziert zu lernen und damit auf die Schw\u00e4chen und St\u00e4rken des Einzelnen einzugehen, im Team zu arbeiten, kreativ nach L\u00f6sungen zu suchen, [&hellip;]<\/p>\n","protected":false},"author":1,"featured_media":0,"parent":135,"menu_order":0,"comment_status":"closed","ping_status":"closed","template":"","meta":{"footnotes":""},"class_list":["post-1681","page","type-page","status-publish","hentry"],"_links":{"self":[{"href":"https:\/\/mhgmesskirch.de\/mhg\/index.php?rest_route=\/wp\/v2\/pages\/1681","targetHints":{"allow":["GET"]}}],"collection":[{"href":"https:\/\/mhgmesskirch.de\/mhg\/index.php?rest_route=\/wp\/v2\/pages"}],"about":[{"href":"https:\/\/mhgmesskirch.de\/mhg\/index.php?rest_route=\/wp\/v2\/types\/page"}],"author":[{"embeddable":true,"href":"https:\/\/mhgmesskirch.de\/mhg\/index.php?rest_route=\/wp\/v2\/users\/1"}],"replies":[{"embeddable":true,"href":"https:\/\/mhgmesskirch.de\/mhg\/index.php?rest_route=%2Fwp%2Fv2%2Fcomments&post=1681"}],"version-history":[{"count":3,"href":"https:\/\/mhgmesskirch.de\/mhg\/index.php?rest_route=\/wp\/v2\/pages\/1681\/revisions"}],"predecessor-version":[{"id":2871,"href":"https:\/\/mhgmesskirch.de\/mhg\/index.php?rest_route=\/wp\/v2\/pages\/1681\/revisions\/2871"}],"up":[{"embeddable":true,"href":"https:\/\/mhgmesskirch.de\/mhg\/index.php?rest_route=\/wp\/v2\/pages\/135"}],"wp:attachment":[{"href":"https:\/\/mhgmesskirch.de\/mhg\/index.php?rest_route=%2Fwp%2Fv2%2Fmedia&parent=1681"}],"curies":[{"name":"wp","href":"https:\/\/api.w.org\/{rel}","templated":true}]}}