{"id":2940,"date":"2024-01-28T12:13:22","date_gmt":"2024-01-28T12:13:22","guid":{"rendered":"https:\/\/mhgmesskirch.de\/mhg\/?page_id=2940"},"modified":"2024-02-06T19:11:32","modified_gmt":"2024-02-06T19:11:32","slug":"moodle-idam","status":"publish","type":"page","link":"https:\/\/mhgmesskirch.de\/mhg\/?page_id=2940","title":{"rendered":"Moodle \/ Schule@BW"},"content":{"rendered":"\n<p><strong>Hinweis<\/strong>:<\/p>\n\n\n\n<p>Da sich unser Moodle gerade in einem \u00dcbergangssystem befindet, ist der Zugang etwas kompliziert.<\/p>\n\n\n\n<p>Um ins Moodle zu gelangen, bitte auf die folgende Schaltfl\u00e4che klicken:<\/p>\n\n\n<div class=\"wp-block-image\">\n<figure class=\"aligncenter size-full is-resized\"><a href=\"https:\/\/04111764161.migration.bw.schule\/login\/index.php\" target=\"_blank\" rel=\"noreferrer noopener\"><img loading=\"lazy\" decoding=\"async\" width=\"515\" height=\"84\" src=\"https:\/\/mhgmesskirch.de\/mhg\/wp-content\/uploads\/2024\/02\/image.png\" alt=\"\" class=\"wp-image-2995\" style=\"width:521px;height:auto\" srcset=\"https:\/\/mhgmesskirch.de\/mhg\/wp-content\/uploads\/2024\/02\/image.png 515w, https:\/\/mhgmesskirch.de\/mhg\/wp-content\/uploads\/2024\/02\/image-300x49.png 300w\" sizes=\"auto, (max-width: 515px) 100vw, 515px\" \/><\/a><\/figure>\n<\/div>\n\n\n<p>Anschlie\u00dfend \u00f6ffnet sich die Login-Seite von Schule@BW:<\/p>\n\n\n<div class=\"wp-block-image\">\n<figure class=\"aligncenter size-full\"><img loading=\"lazy\" decoding=\"async\" width=\"714\" height=\"580\" src=\"https:\/\/mhgmesskirch.de\/mhg\/wp-content\/uploads\/2024\/02\/image-1.png\" alt=\"\" class=\"wp-image-2996\" srcset=\"https:\/\/mhgmesskirch.de\/mhg\/wp-content\/uploads\/2024\/02\/image-1.png 714w, https:\/\/mhgmesskirch.de\/mhg\/wp-content\/uploads\/2024\/02\/image-1-300x244.png 300w\" sizes=\"auto, (max-width: 714px) 100vw, 714px\" \/><\/figure>\n<\/div>\n\n\n<p>Hier bitte mit den erhaltenen Zugangsdaten anmelden.<\/p>\n\n\n\n<p>Nun wird man entweder direkt auf Moodle geleitet, oder man landet auf der Startseite von Schule@BW. <\/p>\n\n\n\n<p>Im zweiten Fall wird man erkennen, dass die Moodle-Schaltfl\u00e4che nicht benutzbar ist:<\/p>\n\n\n<div class=\"wp-block-image\">\n<figure class=\"aligncenter size-full\"><img loading=\"lazy\" decoding=\"async\" width=\"379\" height=\"248\" src=\"https:\/\/mhgmesskirch.de\/mhg\/wp-content\/uploads\/2024\/02\/image-2.png\" alt=\"\" class=\"wp-image-2997\" srcset=\"https:\/\/mhgmesskirch.de\/mhg\/wp-content\/uploads\/2024\/02\/image-2.png 379w, https:\/\/mhgmesskirch.de\/mhg\/wp-content\/uploads\/2024\/02\/image-2-300x196.png 300w\" sizes=\"auto, (max-width: 379px) 100vw, 379px\" \/><\/figure>\n<\/div>\n\n\n<p>Das liegt daran, dass diese Kachel f\u00fcr das \u00dcbergangssystem nicht freigeschaltet ist. Man kommt dann dennoch auf unser Moodle, indem man einfach nochmal auf die Moodle-Startseite geht:<\/p>\n\n\n\n<p><a href=\"https:\/\/04111764161.migration.bw.schule\/\" target=\"_blank\" rel=\"noreferrer noopener\">https:\/\/04111764161.migration.bw.schule\/<\/a><\/p>\n\n\n\n<p><\/p>\n\n\n\n<p><strong>ACHTUNG:<\/strong><\/p>\n\n\n\n<p>Aufgrund des Umzugs muss die Moodle-App neu eingerichtet werden. Die Adresse unserer Moodle-Plattform, die in der App einzugeben ist, lautet bis zum endg\u00fcltigen Umzug (ca. Anfang\/Mitte M\u00e4rz):<\/p>\n\n\n\n<p>https:\/\/04111764161.migration.bw.schule\/<\/p>\n\n\n\n<p><\/p>\n","protected":false},"excerpt":{"rendered":"<p>Hinweis: Da sich unser Moodle gerade in einem \u00dcbergangssystem befindet, ist der Zugang etwas kompliziert. Um ins Moodle zu gelangen, bitte auf die folgende Schaltfl\u00e4che klicken: Anschlie\u00dfend \u00f6ffnet sich die Login-Seite von Schule@BW: Hier bitte mit den erhaltenen Zugangsdaten anmelden. Nun wird man entweder direkt auf Moodle geleitet, oder man landet auf der Startseite von [&hellip;]<\/p>\n","protected":false},"author":1,"featured_media":0,"parent":0,"menu_order":0,"comment_status":"closed","ping_status":"closed","template":"","meta":{"footnotes":""},"class_list":["post-2940","page","type-page","status-publish","hentry"],"_links":{"self":[{"href":"https:\/\/mhgmesskirch.de\/mhg\/index.php?rest_route=\/wp\/v2\/pages\/2940","targetHints":{"allow":["GET"]}}],"collection":[{"href":"https:\/\/mhgmesskirch.de\/mhg\/index.php?rest_route=\/wp\/v2\/pages"}],"about":[{"href":"https:\/\/mhgmesskirch.de\/mhg\/index.php?rest_route=\/wp\/v2\/types\/page"}],"author":[{"embeddable":true,"href":"https:\/\/mhgmesskirch.de\/mhg\/index.php?rest_route=\/wp\/v2\/users\/1"}],"replies":[{"embeddable":true,"href":"https:\/\/mhgmesskirch.de\/mhg\/index.php?rest_route=%2Fwp%2Fv2%2Fcomments&post=2940"}],"version-history":[{"count":10,"href":"https:\/\/mhgmesskirch.de\/mhg\/index.php?rest_route=\/wp\/v2\/pages\/2940\/revisions"}],"predecessor-version":[{"id":2998,"href":"https:\/\/mhgmesskirch.de\/mhg\/index.php?rest_route=\/wp\/v2\/pages\/2940\/revisions\/2998"}],"wp:attachment":[{"href":"https:\/\/mhgmesskirch.de\/mhg\/index.php?rest_route=%2Fwp%2Fv2%2Fmedia&parent=2940"}],"curies":[{"name":"wp","href":"https:\/\/api.w.org\/{rel}","templated":true}]}}