{"id":3796,"date":"2025-10-13T18:56:20","date_gmt":"2025-10-13T18:56:20","guid":{"rendered":"https:\/\/mhgmesskirch.de\/mhg\/?page_id=3796"},"modified":"2025-10-13T18:56:20","modified_gmt":"2025-10-13T18:56:20","slug":"foerderkonzept-2","status":"publish","type":"page","link":"https:\/\/mhgmesskirch.de\/mhg\/?page_id=3796","title":{"rendered":"F\u00f6rderkonzept"},"content":{"rendered":"\n<p>Wir m\u00f6chten jedes einzelne Kind bestm\u00f6glich f\u00f6rdern. Damit Lernr\u00fcckst\u00e4nde fr\u00fchzeitig erkannt und behoben werden k\u00f6nnen, hat das Martin-Heidegger-Gymnasium eine zus\u00e4tzliche Leistungsstandr\u00fcckmeldung eingerichtet.&nbsp;Ende November werden die Eltern schriftlich informiert, falls ihr Kind momentan in einem Fach schlechter als ausreichend steht oder es andere Bereiche gibt, die einer F\u00f6rderung bed\u00fcrfen. Fachlehrer und Eltern suchen dann gemeinsam nach L\u00f6sungsm\u00f6glichkeiten. Die Schule bietet grunds\u00e4tzlich folgende Unterst\u00fctzungsangebote an:<\/p>\n\n\n\n<ul class=\"wp-block-list\">\n<li>Bearbeitung eines vom Fachlehrer erstellten Lernkonzepts<\/li>\n\n\n\n<li>Qualifizierte Lern- und Hausaufgabenbetreuung durch Lehrkr\u00e4fte<\/li>\n\n\n\n<li>Nachhilfe in Kleingruppen<\/li>\n\n\n\n<li>Einzelnachhilfe<\/li>\n\n\n\n<li>F\u00f6rderunterricht\u00a0<\/li>\n<\/ul>\n","protected":false},"excerpt":{"rendered":"<p>Wir m\u00f6chten jedes einzelne Kind bestm\u00f6glich f\u00f6rdern. Damit Lernr\u00fcckst\u00e4nde fr\u00fchzeitig erkannt und behoben werden k\u00f6nnen, hat das Martin-Heidegger-Gymnasium eine zus\u00e4tzliche Leistungsstandr\u00fcckmeldung eingerichtet.&nbsp;Ende November werden die Eltern schriftlich informiert, falls ihr Kind momentan in einem Fach schlechter als ausreichend steht oder es andere Bereiche gibt, die einer F\u00f6rderung bed\u00fcrfen. Fachlehrer und Eltern suchen dann gemeinsam nach [&hellip;]<\/p>\n","protected":false},"author":1,"featured_media":0,"parent":0,"menu_order":0,"comment_status":"closed","ping_status":"closed","template":"","meta":{"footnotes":""},"class_list":["post-3796","page","type-page","status-publish","hentry"],"_links":{"self":[{"href":"https:\/\/mhgmesskirch.de\/mhg\/index.php?rest_route=\/wp\/v2\/pages\/3796","targetHints":{"allow":["GET"]}}],"collection":[{"href":"https:\/\/mhgmesskirch.de\/mhg\/index.php?rest_route=\/wp\/v2\/pages"}],"about":[{"href":"https:\/\/mhgmesskirch.de\/mhg\/index.php?rest_route=\/wp\/v2\/types\/page"}],"author":[{"embeddable":true,"href":"https:\/\/mhgmesskirch.de\/mhg\/index.php?rest_route=\/wp\/v2\/users\/1"}],"replies":[{"embeddable":true,"href":"https:\/\/mhgmesskirch.de\/mhg\/index.php?rest_route=%2Fwp%2Fv2%2Fcomments&post=3796"}],"version-history":[{"count":1,"href":"https:\/\/mhgmesskirch.de\/mhg\/index.php?rest_route=\/wp\/v2\/pages\/3796\/revisions"}],"predecessor-version":[{"id":3797,"href":"https:\/\/mhgmesskirch.de\/mhg\/index.php?rest_route=\/wp\/v2\/pages\/3796\/revisions\/3797"}],"wp:attachment":[{"href":"https:\/\/mhgmesskirch.de\/mhg\/index.php?rest_route=%2Fwp%2Fv2%2Fmedia&parent=3796"}],"curies":[{"name":"wp","href":"https:\/\/api.w.org\/{rel}","templated":true}]}}