{"id":409,"date":"2022-09-06T18:19:26","date_gmt":"2022-09-06T18:19:26","guid":{"rendered":"https:\/\/web49967.greatnet-hosting.de\/wordpress_10\/?page_id=409"},"modified":"2024-12-06T14:14:50","modified_gmt":"2024-12-06T14:14:50","slug":"schulsozialarbeit","status":"publish","type":"page","link":"https:\/\/mhgmesskirch.de\/mhg\/?page_id=409","title":{"rendered":"Schulsozialarbeit"},"content":{"rendered":"\n<p>Die Schulsozialarbeit ist ein pr\u00e4ventives und intervenierendes Angebot der Kinder- und Jugendhilfe.&nbsp; Das Angebot richtet sich an alle Sch\u00fcler*innen, Lehrer*innen und Eltern. Die Sch\u00fcler*innen, Lehrer*innen und Eltern werden durch die Schulsozialarbeit in Problemlagen begleitet und es wird gemeinsam versucht, neue L\u00f6sungen\/Wege zu finden.<\/p>\n\n\n\n<p>Schwerpunkt der Arbeit liegt in der Beratung von Sch\u00fcler*innen, Lehrer*innen und Eltern bei schulischen wie auch pers\u00f6nlichen Problemen.&nbsp; Dies findet entweder in einer Einzelfallberatung oder in einer Gruppenarbeit statt. Zus\u00e4tzlich werden im Laufe des Schuljahres verschiedene soziale Trainings und Projekte in den unterschiedlichen Klassenstufen durchgef\u00fchrt bzw. begleitet.<\/p>\n\n\n\n<p>Des Weiteren arbeitet die Schulsozialarbeit eng mit anderen Institutionen zusammen und vermittelt an Hilfema\u00dfnahmen wie Beratungsstellen, Jugend\u00e4mter, p\u00e4dagogische Einrichtungen und weitere Beh\u00f6rden.<\/p>\n\n\n\n<p>Innerhalb der Schule arbeitet die Schulsozialarbeit mit den am Schulleben beteiligten Personen wie Schulleitung, Lehrkr\u00e4fte, Pr\u00e4ventionslehrkraft etc. zusammen.<\/p>\n\n\n\n<p>Das Beratungsangebot der Schulsozialarbeit ist ein freiwilliges Angebot und unterliegt der Schweigepflicht.<\/p>\n\n\n\n<p>Tr\u00e4gerschaft ist das Erzbisch\u00f6fliche Kinderheim Haus Nazareth Sigmaringen.<\/p>\n\n\n\n<p><strong>Ansprechpartnerin am Martin-Heidegger-Gymnasium:<\/strong><\/p>\n\n\n\n<figure class=\"wp-block-image size-full\"><img loading=\"lazy\" decoding=\"async\" width=\"359\" height=\"479\" src=\"https:\/\/mhgmesskirch.de\/mhg\/wp-content\/uploads\/2022\/09\/NicoleKleiner.jpg\" alt=\"\" class=\"wp-image-410\"\/><figcaption class=\"wp-element-caption\">Nicole Kleiner, Sozialp\u00e4dagogin (DH)<\/figcaption><\/figure>\n\n\n\n<p><strong>Sprechzeiten Schulsozialarbeit:<\/strong><\/p>\n\n\n\n<p>Montag: 08:00 Uhr \u2013 11:30 Uhr<\/p>\n\n\n\n<p>Dienstag: 08:00 Uhr \u2013 11:30 Uhr<\/p>\n\n\n\n<p>Mittwoch: 07:30 Uhr \u2013 11:30 Uhr<\/p>\n\n\n\n<p>Donnerstag: 12:00 Uhr \u2013 15:30 Uhr<\/p>\n\n\n\n<p>Freitag: 08:00 Uhr \u2013 12:00 Uhr<\/p>\n\n\n\n<p>B\u00fcro: Raum 202<\/p>\n\n\n\n<p>E-Mail:&nbsp;<a href=\"javascript:mdcr('mlZoqaKpbmzihivKacipFpkzqsaamuZugoKiaai','')\">ssa-gym(dot)messkirch(at)haus-nazareth-sig(dot)de<\/a><\/p>\n\n\n\n<p>Telefon: 07575-206-3417<\/p>\n","protected":false},"excerpt":{"rendered":"<p>Die Schulsozialarbeit ist ein pr\u00e4ventives und intervenierendes Angebot der Kinder- und Jugendhilfe.&nbsp; Das Angebot richtet sich an alle Sch\u00fcler*innen, Lehrer*innen und Eltern. Die Sch\u00fcler*innen, Lehrer*innen und Eltern werden durch die Schulsozialarbeit in Problemlagen begleitet und es wird gemeinsam versucht, neue L\u00f6sungen\/Wege zu finden. Schwerpunkt der Arbeit liegt in der Beratung von Sch\u00fcler*innen, Lehrer*innen und Eltern [&hellip;]<\/p>\n","protected":false},"author":1,"featured_media":0,"parent":0,"menu_order":0,"comment_status":"closed","ping_status":"closed","template":"","meta":{"footnotes":""},"class_list":["post-409","page","type-page","status-publish","hentry"],"_links":{"self":[{"href":"https:\/\/mhgmesskirch.de\/mhg\/index.php?rest_route=\/wp\/v2\/pages\/409","targetHints":{"allow":["GET"]}}],"collection":[{"href":"https:\/\/mhgmesskirch.de\/mhg\/index.php?rest_route=\/wp\/v2\/pages"}],"about":[{"href":"https:\/\/mhgmesskirch.de\/mhg\/index.php?rest_route=\/wp\/v2\/types\/page"}],"author":[{"embeddable":true,"href":"https:\/\/mhgmesskirch.de\/mhg\/index.php?rest_route=\/wp\/v2\/users\/1"}],"replies":[{"embeddable":true,"href":"https:\/\/mhgmesskirch.de\/mhg\/index.php?rest_route=%2Fwp%2Fv2%2Fcomments&post=409"}],"version-history":[{"count":5,"href":"https:\/\/mhgmesskirch.de\/mhg\/index.php?rest_route=\/wp\/v2\/pages\/409\/revisions"}],"predecessor-version":[{"id":3428,"href":"https:\/\/mhgmesskirch.de\/mhg\/index.php?rest_route=\/wp\/v2\/pages\/409\/revisions\/3428"}],"wp:attachment":[{"href":"https:\/\/mhgmesskirch.de\/mhg\/index.php?rest_route=%2Fwp%2Fv2%2Fmedia&parent=409"}],"curies":[{"name":"wp","href":"https:\/\/api.w.org\/{rel}","templated":true}]}}