{"id":4257,"date":"2026-05-12T10:29:29","date_gmt":"2026-05-12T10:29:29","guid":{"rendered":"https:\/\/mhgmesskirch.de\/mhg\/?page_id=4257"},"modified":"2026-05-12T12:57:43","modified_gmt":"2026-05-12T12:57:43","slug":"zeugnisse-und-abschluesse","status":"publish","type":"page","link":"https:\/\/mhgmesskirch.de\/mhg\/?page_id=4257","title":{"rendered":"Zeugnisse und Abschl\u00fcsse"},"content":{"rendered":"\n<h2 class=\"wp-block-heading has-large-font-size\">Abschl\u00fcsse<\/h2>\n\n\n\n<p class=\"has-medium-font-size\"><strong>Hauptschulabschluss:<\/strong> Erreicht mit Versetzungszeugnis Klasse 9<\/p>\n\n\n\n<p><strong>Realschulabschluss: <\/strong>Erreicht mit Versetzungszeugnis Klasse 10<\/p>\n\n\n\n<p><strong>Schulischer Teil Fachhochschulreife:<\/strong> In der Regel erreicht nach Klasse 11<\/p>\n\n\n\n<p><strong>Abitur:<\/strong> Erreicht mit erfolgreichen Abschlusspr\u00fcfungen Klasse 12<\/p>\n\n\n\n<h2 class=\"wp-block-heading has-large-font-size\">Regelungen f\u00fcr Preise und Lob<\/h2>\n\n\n\n<p><strong>Preis:<\/strong> Schnitt aller F\u00e4cher bis&nbsp;&nbsp; 1,6 (abgeschnitten nach der ersten Dezimale)<\/p>\n\n\n\n<p><strong>Lob: <\/strong>Schnitt aller F\u00e4cher ab 1,7 bis 2,0<\/p>\n\n\n\n<p><\/p>\n","protected":false},"excerpt":{"rendered":"<p>Abschl\u00fcsse Hauptschulabschluss: Erreicht mit Versetzungszeugnis Klasse 9 Realschulabschluss: Erreicht mit Versetzungszeugnis Klasse 10 Schulischer Teil Fachhochschulreife: In der Regel erreicht nach Klasse 11 Abitur: Erreicht mit erfolgreichen Abschlusspr\u00fcfungen Klasse 12 Regelungen f\u00fcr Preise und Lob Preis: Schnitt aller F\u00e4cher bis&nbsp;&nbsp; 1,6 (abgeschnitten nach der ersten Dezimale) Lob: Schnitt aller F\u00e4cher ab 1,7 bis 2,0<\/p>\n","protected":false},"author":3,"featured_media":0,"parent":136,"menu_order":0,"comment_status":"closed","ping_status":"closed","template":"","meta":{"footnotes":""},"class_list":["post-4257","page","type-page","status-publish","hentry"],"_links":{"self":[{"href":"https:\/\/mhgmesskirch.de\/mhg\/index.php?rest_route=\/wp\/v2\/pages\/4257","targetHints":{"allow":["GET"]}}],"collection":[{"href":"https:\/\/mhgmesskirch.de\/mhg\/index.php?rest_route=\/wp\/v2\/pages"}],"about":[{"href":"https:\/\/mhgmesskirch.de\/mhg\/index.php?rest_route=\/wp\/v2\/types\/page"}],"author":[{"embeddable":true,"href":"https:\/\/mhgmesskirch.de\/mhg\/index.php?rest_route=\/wp\/v2\/users\/3"}],"replies":[{"embeddable":true,"href":"https:\/\/mhgmesskirch.de\/mhg\/index.php?rest_route=%2Fwp%2Fv2%2Fcomments&post=4257"}],"version-history":[{"count":3,"href":"https:\/\/mhgmesskirch.de\/mhg\/index.php?rest_route=\/wp\/v2\/pages\/4257\/revisions"}],"predecessor-version":[{"id":4281,"href":"https:\/\/mhgmesskirch.de\/mhg\/index.php?rest_route=\/wp\/v2\/pages\/4257\/revisions\/4281"}],"up":[{"embeddable":true,"href":"https:\/\/mhgmesskirch.de\/mhg\/index.php?rest_route=\/wp\/v2\/pages\/136"}],"wp:attachment":[{"href":"https:\/\/mhgmesskirch.de\/mhg\/index.php?rest_route=%2Fwp%2Fv2%2Fmedia&parent=4257"}],"curies":[{"name":"wp","href":"https:\/\/api.w.org\/{rel}","templated":true}]}}