{"id":499,"date":"2022-09-11T19:00:15","date_gmt":"2022-09-11T19:00:15","guid":{"rendered":"https:\/\/web49967.greatnet-hosting.de\/wordpress_10\/?page_id=499"},"modified":"2025-10-25T20:25:24","modified_gmt":"2025-10-25T20:25:24","slug":"elternbeirat","status":"publish","type":"page","link":"https:\/\/mhgmesskirch.de\/mhg\/?page_id=499","title":{"rendered":"Elternbeirat"},"content":{"rendered":"\n<h2 class=\"wp-block-heading\">Herzlich willkommen<\/h2>\n\n\n\n<p>auf der Internetseite des Elternbeirats des <strong>Martin-Heidegger-Gymnasiums in Me\u00dfkirch<\/strong>.<\/p>\n\n\n\n<hr class=\"wp-block-separator has-alpha-channel-opacity\"\/>\n\n\n\n<h3 class=\"wp-block-heading\">Elternbeiratsvorsitz Schuljahr 2025\/2026<\/h3>\n\n\n\n<ul class=\"wp-block-list\">\n<li><strong>Elternbeiratsvorsitzender:<\/strong> Heinz Rebholz<\/li>\n\n\n\n<li><strong>Stellvertreter:<\/strong> Frank Burth<\/li>\n<\/ul>\n\n\n\n<p><strong>Kontakt:<\/strong><br>\ud83d\udce7 E-Mail: <a>heinz.rebholz@gmail.com<\/a><br>\ud83d\udcde Telefon: 0174 21 72 144<\/p>\n\n\n\n<hr class=\"wp-block-separator has-alpha-channel-opacity\"\/>\n\n\n\n<h2 class=\"wp-block-heading\">Mitglieder der Schulkonferenz 2025\/26<\/h2>\n\n\n\n<figure class=\"wp-block-table\"><table class=\"has-fixed-layout\"><thead><tr><th>Eltern<\/th><th>Lehrer<\/th><th>Sch\u00fcler<\/th><\/tr><\/thead><tbody><tr><td>Heinz Rebholz<\/td><td>Tobias Andelfinger<\/td><td>Melina Beil<\/td><\/tr><tr><td>Kathrin Hipp<\/td><td>Ulrich Braunschweig<\/td><td>Philipp Strobel<\/td><\/tr><tr><td>Martina Lang<\/td><td>Katja Lammert<\/td><td>Luisa Joos<\/td><\/tr><tr><td>Angelika H\u00e4u\u00dfler<\/td><td>Simone H\u00e4gele-Schatz<\/td><td>Sofia Mazur<\/td><\/tr><\/tbody><\/table><\/figure>\n\n\n\n<hr class=\"wp-block-separator has-alpha-channel-opacity\"\/>\n\n\n\n<h2 class=\"wp-block-heading\">Elternvertreter pro Klasse 2025\/2026<\/h2>\n\n\n\n<figure class=\"wp-block-table\"><table class=\"has-fixed-layout\"><thead><tr><th>Klasse<\/th><th>Elternvertreter (KE)<\/th><th>Stellvertreter (sKE)<\/th><\/tr><\/thead><tbody><tr><td>5a<\/td><td>H\u00e4u\u00dfler, Angelika<\/td><td>Berisha, Geljan<\/td><\/tr><tr><td>5b<\/td><td>Reichelt, Viktoria<\/td><td>M\u00f6ll, Heike<\/td><\/tr><tr><td>6a<\/td><td>M\u00fchlhauser, Sanja<\/td><td>Mutscheller, Mike<\/td><\/tr><tr><td>6b<\/td><td>Schuster, Anemone<\/td><td>Bank, Mathias<\/td><\/tr><tr><td>6c<\/td><td>Gilg, Florian<\/td><td>Ey, Angelique<\/td><\/tr><tr><td>7a<\/td><td>Setz, Anja<\/td><td>Boos, J\u00fcrgen<\/td><\/tr><tr><td>7b<\/td><td>Walter, D\u00e9siree<\/td><td>Hipp, Kathrin<\/td><\/tr><tr><td>8a<\/td><td>Amann, Nadine<\/td><td>Nipp, Andrea<\/td><\/tr><tr><td>8b<\/td><td>Nabenhauer, Anja<\/td><td>Weber, Jennifer<\/td><\/tr><tr><td>9a<\/td><td>Tritschler, Manuela<\/td><td>Benkler, Sandra<\/td><\/tr><tr><td>9b<\/td><td>Gangotena, Yvonne<\/td><td>Burth, Frank<\/td><\/tr><tr><td>10a<\/td><td>Klein, Susanne<\/td><td>Rebholz, Heinz<\/td><\/tr><tr><td>10b<\/td><td>T\u00f6fferl, Daniela<\/td><td>Schlude, Annette<\/td><\/tr><tr><td>J1<\/td><td>Kopf, Simone<\/td><td>Gandion, Tanja<\/td><\/tr><tr><td>J2<\/td><td>Lang, Martina<\/td><td>Joos, Lena<\/td><\/tr><\/tbody><\/table><\/figure>\n\n\n\n<p>\ud83d\udc49 Bei schulbezogenen Anliegen wenden Sie sich bitte direkt an die <strong>zust\u00e4ndigen Elternvertreter<\/strong>. Wir unterst\u00fctzen Sie gerne.<\/p>\n\n\n\n<hr class=\"wp-block-separator has-alpha-channel-opacity\"\/>\n\n\n\n<h2 class=\"wp-block-heading\">Termine<\/h2>\n\n\n\n<p>\ud83d\udcc5 <strong>Aktuelle Termine<\/strong> f\u00fcr das Schuljahr finden Sie auf der Schulhomepage unter dem Men\u00fcpunkt <strong>\u201eService\u201c<\/strong>.<\/p>\n\n\n\n<hr class=\"wp-block-separator has-alpha-channel-opacity\"\/>\n\n\n\n<h2 class=\"wp-block-heading\">Mensa<\/h2>\n\n\n\n<p>\ud83c\udf7d\ufe0f Die <strong>Mensa<\/strong> wird seit dem Schuljahr 2021\/22 durch das Cateringunternehmen <strong>Sonne Vilsingen<\/strong> betrieben.<\/p>\n\n\n\n<p><strong>Ansprechpartner:<\/strong><\/p>\n\n\n\n<ul class=\"wp-block-list\">\n<li>Herr Leukhardt \u2013 zust\u00e4ndig f\u00fcr Kiosk, Pausenverkauf &amp; Essensausgabe<br>\ud83d\udcde Tel.: 0162 9669317<br>\ud83d\udce7 E-Mail: <a>al@sonne-vilsingen.de<\/a><\/li>\n<\/ul>\n\n\n\n<p>Das <strong>Mittagessen<\/strong> wird vom <strong>DORNAHOF<\/strong>, einer christlich-sozialen Einrichtung, geliefert.<br>DORNAHOF betreibt u.\u202fa. Gro\u00dfk\u00fcchen in Altshausen und Riedlingen.<\/p>\n\n\n\n<p>\ud83d\udcde Servicetelefon DORNAHOF: 07584 \u2013 925 \u2013 320<br>\ud83c\udf10 <a>www.dornahof.de<\/a><\/p>\n\n\n\n<hr class=\"wp-block-separator has-alpha-channel-opacity\"\/>\n\n\n\n<h2 class=\"wp-block-heading\">N\u00fctzliche Links<\/h2>\n\n\n\n<h3 class=\"wp-block-heading\">Sch\u00fcleraustausch \/ Auslandsaufenthalte<\/h3>\n\n\n\n<ul class=\"wp-block-list\">\n<li><a>www.vda-kultur.de<\/a><\/li>\n\n\n\n<li><a>www.schueleraustausch-portal.de<\/a><\/li>\n\n\n\n<li><a>www.weltweiser.de<\/a><\/li>\n\n\n\n<li><a>www.internate.org<\/a><\/li>\n<\/ul>\n\n\n\n<h3 class=\"wp-block-heading\">Stipendien f\u00fcr Schule und Studium<\/h3>\n\n\n\n<ul class=\"wp-block-list\">\n<li><a>www.elternkompass.info<\/a><\/li>\n\n\n\n<li><a>www.studienkompass.de<\/a><\/li>\n\n\n\n<li><a>www.mystipendium.de<\/a><\/li>\n\n\n\n<li><a>www.dornierstiftung.de<\/a><\/li>\n\n\n\n<li><a>Stipendien\u00fcbersicht bei weltweiser.de<\/a><\/li>\n<\/ul>\n\n\n\n<h3 class=\"wp-block-heading\">Elternbildung<\/h3>\n\n\n\n<ul class=\"wp-block-list\">\n<li><a>www.familieamstart-sig.de<\/a><\/li>\n<\/ul>\n\n\n\n<hr class=\"wp-block-separator has-alpha-channel-opacity\"\/>\n\n\n\n<p>\u26a0\ufe0f <strong>Haftungsausschluss:<\/strong><br>Aus rechtlichen Gr\u00fcnden \u00fcbernehmen wir <strong>keine Verantwortung<\/strong> f\u00fcr die Inhalte der extern verlinkten Seiten.<\/p>\n","protected":false},"excerpt":{"rendered":"<p>Herzlich willkommen auf der Internetseite des Elternbeirats des Martin-Heidegger-Gymnasiums in Me\u00dfkirch. Elternbeiratsvorsitz Schuljahr 2025\/2026 Kontakt:\ud83d\udce7 E-Mail: heinz.rebholz@gmail.com\ud83d\udcde Telefon: 0174 21 72 144 Mitglieder der Schulkonferenz 2025\/26 Eltern Lehrer Sch\u00fcler Heinz Rebholz Tobias Andelfinger Melina Beil Kathrin Hipp Ulrich Braunschweig Philipp Strobel Martina Lang Katja Lammert Luisa Joos Angelika H\u00e4u\u00dfler Simone H\u00e4gele-Schatz Sofia Mazur Elternvertreter pro [&hellip;]<\/p>\n","protected":false},"author":1,"featured_media":0,"parent":0,"menu_order":0,"comment_status":"closed","ping_status":"closed","template":"","meta":{"footnotes":""},"class_list":["post-499","page","type-page","status-publish","hentry"],"_links":{"self":[{"href":"https:\/\/mhgmesskirch.de\/mhg\/index.php?rest_route=\/wp\/v2\/pages\/499","targetHints":{"allow":["GET"]}}],"collection":[{"href":"https:\/\/mhgmesskirch.de\/mhg\/index.php?rest_route=\/wp\/v2\/pages"}],"about":[{"href":"https:\/\/mhgmesskirch.de\/mhg\/index.php?rest_route=\/wp\/v2\/types\/page"}],"author":[{"embeddable":true,"href":"https:\/\/mhgmesskirch.de\/mhg\/index.php?rest_route=\/wp\/v2\/users\/1"}],"replies":[{"embeddable":true,"href":"https:\/\/mhgmesskirch.de\/mhg\/index.php?rest_route=%2Fwp%2Fv2%2Fcomments&post=499"}],"version-history":[{"count":21,"href":"https:\/\/mhgmesskirch.de\/mhg\/index.php?rest_route=\/wp\/v2\/pages\/499\/revisions"}],"predecessor-version":[{"id":3824,"href":"https:\/\/mhgmesskirch.de\/mhg\/index.php?rest_route=\/wp\/v2\/pages\/499\/revisions\/3824"}],"wp:attachment":[{"href":"https:\/\/mhgmesskirch.de\/mhg\/index.php?rest_route=%2Fwp%2Fv2%2Fmedia&parent=499"}],"curies":[{"name":"wp","href":"https:\/\/api.w.org\/{rel}","templated":true}]}}