{"id":506,"date":"2022-09-11T19:00:33","date_gmt":"2022-09-11T19:00:33","guid":{"rendered":"https:\/\/web49967.greatnet-hosting.de\/wordpress_10\/?page_id=506"},"modified":"2026-01-04T12:41:23","modified_gmt":"2026-01-04T12:41:23","slug":"foerderverein","status":"publish","type":"page","link":"https:\/\/mhgmesskirch.de\/mhg\/?page_id=506","title":{"rendered":"Freundes- und F\u00f6rderverein"},"content":{"rendered":"\n<h2 class=\"wp-block-heading\">Zielsetzungen<\/h2>\n\n\n\n<p>Der im Jahr 1986 gegr\u00fcndete Verein hat es sich zum Ziel gesetzt, das Me\u00dfkircher Gymnasium in sowohl materieller wie auch ideeller Weise in seinem Erziehungs- und Bildungsauftrag zu unterst\u00fctzen und so zu einer lebendigen, attraktiven und erfolgreichen Schule beizutragen. Diesem Ziel entsprechend hilft der F\u00f6rderverein in vielfacher Weise bei Anschaffungen und Aktivit\u00e4ten, die das Schulleben bereichern, f\u00fcr die der normale Schuletat aber nicht ausreichend ist. Dar\u00fcber hinaus f\u00f6rdert der Verein das Zusammengeh\u00f6rigkeitsgef\u00fchl zwischen Schulgemeinschaft, ehemaligen Sch\u00fclerinnen und Sch\u00fclern, Eltern und Freunden des Me\u00dfkircher Gymnasiums. Ein besonderes Anliegen ist es auch, Sch\u00fclerinnen und Sch\u00fclern in finanzieller Notlage die Teilnahme an Schullandheimaufenthalten oder Studienfahrten zu erm\u00f6glichen, falls andere Unterst\u00fctzungen nicht greifen.<\/p>\n\n\n\n<h2 class=\"wp-block-heading\">Aktivit\u00e4ten<\/h2>\n\n\n\n<ul class=\"wp-block-list\">\n<li>Auff\u00fchrungsrechte und Begleitmaterialien f\u00fcr Musical- und Theaterauff\u00fchrungen<\/li>\n\n\n\n<li>Schuljahresabschlusshock \u2013 Mitwirkung bei Organisation und Bewirtung<\/li>\n\n\n\n<li>Miete des Sp\u00fclmobils f\u00fcr die Eltern der Klassen 5 beim Abschlusshock<\/li>\n\n\n\n<li>Vortragsreihen mit ehemaligen Sch\u00fclerinnen und Sch\u00fclern (Studienbotschafter)<\/li>\n\n\n\n<li>Unterst\u00fctzung von Sch\u00fclerwettbewerben<\/li>\n\n\n\n<li>Verleihung des Preises f\u00fcr besonderes soziales Engagement<\/li>\n\n\n\n<li>Fachvortr\u00e4ge f\u00fcr den Unterricht und Vortr\u00e4ge Ehemaliger f\u00fcr die \u00d6ffentlichkeit<\/li>\n\n\n\n<li>DELF-Diplom (Zusatzqualifikation im Fach Franz\u00f6sisch)<\/li>\n\n\n\n<li>Besuch einer Gedenkst\u00e4tte f\u00fcr nationalsozialistisches Unrecht<\/li>\n\n\n\n<li>F\u00f6rderung besonderer Aktivit\u00e4ten bei den Projekttagen<\/li>\n\n\n\n<li>Finanzielle Unterst\u00fctzungsma\u00dfnahmen<\/li>\n\n\n\n<li>Jahresschrift f\u00fcr die Vereinsmitglieder<\/li>\n<\/ul>\n\n\n\n<h2 class=\"wp-block-heading\">Gr\u00f6\u00dfere Anschaffungen und finanzielle Beteiligungen<\/h2>\n\n\n\n<ul class=\"wp-block-list\">\n<li>Neuer Fl\u00fcgel f\u00fcr den Fachbereich Musik (2007)<\/li>\n\n\n\n<li>Autoklav f\u00fcr den Fachbereich Biologie (2009)<\/li>\n\n\n\n<li>Schlie\u00dff\u00e4cher f\u00fcr die Sch\u00fclerinnen und Sch\u00fcler (2010)<\/li>\n\n\n\n<li>Neues Baritonsaxophon f\u00fcr den Fachbereich Musik und die Bigband (2016)<\/li>\n\n\n\n<li>Neue Sitzgarnitur f\u00fcr die Leseecke (2019)<\/li>\n\n\n\n<li>Neuer Brennofen f\u00fcr die Kunst (2020)<\/li>\n\n\n\n<li>Wetterfeste Relaxsessel f\u00fcr den Pausenhof (2022)<\/li>\n<\/ul>\n\n\n\n<p><\/p>\n\n\n\n<h2 class=\"wp-block-heading\">Vorstandschaft<\/h2>\n\n\n\n<p>1. Vorsitzende:&nbsp;Simone H\u00e4gele-Schatz    <\/p>\n\n\n\n<p>2. Vorsitzende: Anja Nabenhauer<\/p>\n\n\n\n<p>Kassenwart: Uli Braunschweig<\/p>\n\n\n\n<p>Schriftf\u00fchrer:&nbsp;Mike Mutscheller<\/p>\n\n\n\n<p>Beisitzer: Insa Bix, Martina Gl\u00f6ckler,&nbsp;&nbsp;Manuela Stengele, Tobias Andelfinger&nbsp; und Katja Lammert<\/p>\n\n\n\n<p><\/p>\n\n\n\n<p><a href=\"https:\/\/mhgmesskirch.de\/mhg\/wp-content\/uploads\/2024\/07\/Flyer-Freundesverein-7-24.pdf\">Beitrittsformular<\/a><\/p>\n\n\n\n<p><\/p>\n\n\n\n<p><a href=\"https:\/\/mhgmesskirch.de\/mhg\/wp-content\/uploads\/2026\/01\/SchulzeitungText2024-25.pdf\" data-type=\"link\" data-id=\"https:\/\/mhgmesskirch.de\/mhg\/wp-content\/uploads\/2026\/01\/SchulzeitungText2024-25.pdf\" target=\"_blank\" rel=\"noreferrer noopener\">Jahresschrift 2024\/25<\/a><\/p>\n","protected":false},"excerpt":{"rendered":"<p>Zielsetzungen Der im Jahr 1986 gegr\u00fcndete Verein hat es sich zum Ziel gesetzt, das Me\u00dfkircher Gymnasium in sowohl materieller wie auch ideeller Weise in seinem Erziehungs- und Bildungsauftrag zu unterst\u00fctzen und so zu einer lebendigen, attraktiven und erfolgreichen Schule beizutragen. Diesem Ziel entsprechend hilft der F\u00f6rderverein in vielfacher Weise bei Anschaffungen und Aktivit\u00e4ten, die das [&hellip;]<\/p>\n","protected":false},"author":1,"featured_media":0,"parent":0,"menu_order":0,"comment_status":"closed","ping_status":"closed","template":"","meta":{"footnotes":""},"class_list":["post-506","page","type-page","status-publish","hentry"],"_links":{"self":[{"href":"https:\/\/mhgmesskirch.de\/mhg\/index.php?rest_route=\/wp\/v2\/pages\/506","targetHints":{"allow":["GET"]}}],"collection":[{"href":"https:\/\/mhgmesskirch.de\/mhg\/index.php?rest_route=\/wp\/v2\/pages"}],"about":[{"href":"https:\/\/mhgmesskirch.de\/mhg\/index.php?rest_route=\/wp\/v2\/types\/page"}],"author":[{"embeddable":true,"href":"https:\/\/mhgmesskirch.de\/mhg\/index.php?rest_route=\/wp\/v2\/users\/1"}],"replies":[{"embeddable":true,"href":"https:\/\/mhgmesskirch.de\/mhg\/index.php?rest_route=%2Fwp%2Fv2%2Fcomments&post=506"}],"version-history":[{"count":17,"href":"https:\/\/mhgmesskirch.de\/mhg\/index.php?rest_route=\/wp\/v2\/pages\/506\/revisions"}],"predecessor-version":[{"id":3961,"href":"https:\/\/mhgmesskirch.de\/mhg\/index.php?rest_route=\/wp\/v2\/pages\/506\/revisions\/3961"}],"wp:attachment":[{"href":"https:\/\/mhgmesskirch.de\/mhg\/index.php?rest_route=%2Fwp%2Fv2%2Fmedia&parent=506"}],"curies":[{"name":"wp","href":"https:\/\/api.w.org\/{rel}","templated":true}]}}