{"id":523,"date":"2022-09-11T19:03:36","date_gmt":"2022-09-11T19:03:36","guid":{"rendered":"https:\/\/web49967.greatnet-hosting.de\/wordpress_10\/?page_id=523"},"modified":"2024-10-12T06:03:23","modified_gmt":"2024-10-12T06:03:23","slug":"mensa","status":"publish","type":"page","link":"https:\/\/mhgmesskirch.de\/mhg\/?page_id=523","title":{"rendered":"Mensa"},"content":{"rendered":"\n<p><\/p>\n\n\n\n<h3 class=\"wp-block-heading\">Ein \u00dcberblick zum Angebot in der Mensa am Feldweg:<\/h3>\n\n\n\n<p>In der Mensa gibt es verschiedene leckere Angebote. Wichtig vorab zu wissen ist, dass es zwei parallel laufende Abwicklungen gibt:&nbsp;<\/p>\n\n\n\n<ul class=\"wp-block-list\">\n<li>Die Getr\u00e4nke und Speisen aus dem Kioskbetrieb mit Vesper-, Snackbereich und&nbsp; alternativen Mittagsangeboten sind mit Bargeld zu erwerben.<\/li>\n\n\n\n<li>Das klassische 2-Gang-Mittagsgericht wird \u00fcber ein gut zu bedienendes Kartensystem bestellt, bezahlt und abgeholt. Das geht per App und am PC.<\/li>\n<\/ul>\n\n\n\n<p>Das 2-Gang-Mittagsgericht liefert der DORNAHOF zur Mensa und es wird vom Sonne-Team an die EssensteilnehmerInnen ausgegeben. Ansprechpartner f\u00fcr Fragen zum Mittagsmen\u00fc ist das Sonne-Team. Es gibt ein t\u00e4glich wechselndes Mittagessenangebot aus einem Speiseplan, der f\u00fcr 14 Tage einsehbar ist. Dies sind immer zwei feste Men\u00fcs, die sich an den DGE Standards orientieren:&nbsp;<\/p>\n\n\n\n<ul class=\"wp-block-list\">\n<li>mit Fleisch\/Fisch (hier wird bevorzugt auf Schweinefleisch verzichtet, wobei das eine oder andere Gericht auch mit Schweinefleisch ist), hier gibt es immer ein kleines Dessert\/Obst dazu<\/li>\n\n\n\n<li>ein vegetarisches Gericht, auch hier gibt es immer ein kleines Dessert\/Obst dazu<\/li>\n<\/ul>\n\n\n\n<p>Sollte es ein s\u00fc\u00dfes Hauptgericht geben (Kaiserschmarrn, Dampfnudel o.\u00e4) gibt es immer anstatt des Desserts eine Suppe vorab. Bestellung und Abrechnung ausschlie\u00dflich \u00fcber das \u201emampf\u201c-Programm \u00fcber PC oder APP (siehe weitere Infos)<\/p>\n\n\n\n<p>Ansprechpartner f\u00fcr Fragen, Kritik oder Lob zum Mittagsmen\u00fc:<\/p>\n\n\n\n<p>Herr Leukhardt unter Tel. 0162 9669317<\/p>\n\n\n\n<p>Mail an: al@sonne-vilsingen.de<\/p>\n\n\n\n<p>Allgemeine Infos zum DORNAHOF:&nbsp; www.dornahof.de<\/p>\n\n\n\n<p>Die Getr\u00e4nke und Speisen aus dem Kioskbetrieb mit Vesper-, Snackbereich und alternativen Mittagsangeboten werden vom SONNE PARTYSERVICE bereitgestellt.&nbsp; So wird es neben den \u201eklassischen\u201c belegten Br\u00f6tchen, Butterbrezeln und s\u00fc\u00dfen St\u00fcckle auch ein immer abwechselndes Programm mit Salaten, Pizza, Burger, etc. geben. Weiter gibt es k\u00fcnftig in der Realschule wie auch im Mensabereich jeweils einen Selbstbedienungsautomaten, an dem sich die Sch\u00fcler mit Getr\u00e4nken und Snacks versorgen k\u00f6nnen. Im Mensabereich dann zus\u00e4tzlich noch einen Eisautomaten. In der Versorgung achtet das Sonne-Team darauf, dass es neben klassischen Industrieprodukten auch immer individuelle Angebote gibt, so gibt es z.B. beim Eisautomaten einerseits klassisches Impulseis von Langnese oder Sch\u00f6ller und daneben auch Deyer\u00b4s Bauernhofeis.<\/p>\n\n\n\n<p>Ansprechpartner f\u00fcr Fragen, Kritik oder Lob zum Kioskbetrieb:<\/p>\n\n\n\n<p>Herr Leukhardt unter Tel.&nbsp; 0162 9669317&nbsp;<\/p>\n\n\n\n<p>Mail an:&nbsp; al@sonne-vilsingen.de&nbsp; &nbsp;&nbsp;<\/p>\n\n\n\n<p>Allgemeine Infos zum SONNE PARTYSERVICE:&nbsp; &nbsp;www.sonne-vilsingen.de<\/p>\n\n\n\n<p>oder zu den Betriebszeiten direkt in der Mensa Frau Moll unter Tel. 0151 70542867<\/p>\n\n\n\n<p><\/p>\n\n\n\n<p>Weitere Informationen entnehmen Sie bitte dem Elternbrief:<\/p>\n\n\n\n<div data-wp-interactive=\"core\/file\" class=\"wp-block-file\"><object data-wp-bind--hidden=\"!state.hasPdfPreview\" hidden class=\"wp-block-file__embed\" data=\"https:\/\/mhgmesskirch.de\/mhg\/wp-content\/uploads\/2023\/09\/Elternbrief-Informationen-zum-Mensabetrieb-sowie-Anleitung-Anmeldung-und-Infos-zu-mampf-26.09.2023.pdf\" type=\"application\/pdf\" style=\"width:100%;height:600px\" aria-label=\"Einbettung von Elternbrief-Informationen-zum-Mensabetrieb-sowie-Anleitung-Anmeldung-und-Infos-zu-mampf-26.09.2023.\"><\/object><a id=\"wp-block-file--media-2d936260-6d19-45f0-8a00-d42b783f8749\" href=\"https:\/\/mhgmesskirch.de\/mhg\/wp-content\/uploads\/2023\/09\/Elternbrief-Informationen-zum-Mensabetrieb-sowie-Anleitung-Anmeldung-und-Infos-zu-mampf-26.09.2023.pdf\">Elternbrief-Informationen-zum-Mensabetrieb-sowie-Anleitung-Anmeldung-und-Infos-zu-mampf-26.09.2023<\/a><a href=\"https:\/\/mhgmesskirch.de\/mhg\/wp-content\/uploads\/2023\/09\/Elternbrief-Informationen-zum-Mensabetrieb-sowie-Anleitung-Anmeldung-und-Infos-zu-mampf-26.09.2023.pdf\" class=\"wp-block-file__button wp-element-button\" download aria-describedby=\"wp-block-file--media-2d936260-6d19-45f0-8a00-d42b783f8749\">Herunterladen<\/a><\/div>\n","protected":false},"excerpt":{"rendered":"<p>Ein \u00dcberblick zum Angebot in der Mensa am Feldweg: In der Mensa gibt es verschiedene leckere Angebote. Wichtig vorab zu wissen ist, dass es zwei parallel laufende Abwicklungen gibt:&nbsp; Das 2-Gang-Mittagsgericht liefert der DORNAHOF zur Mensa und es wird vom Sonne-Team an die EssensteilnehmerInnen ausgegeben. Ansprechpartner f\u00fcr Fragen zum Mittagsmen\u00fc ist das Sonne-Team. Es gibt [&hellip;]<\/p>\n","protected":false},"author":1,"featured_media":0,"parent":0,"menu_order":0,"comment_status":"closed","ping_status":"closed","template":"","meta":{"footnotes":""},"class_list":["post-523","page","type-page","status-publish","hentry"],"_links":{"self":[{"href":"https:\/\/mhgmesskirch.de\/mhg\/index.php?rest_route=\/wp\/v2\/pages\/523","targetHints":{"allow":["GET"]}}],"collection":[{"href":"https:\/\/mhgmesskirch.de\/mhg\/index.php?rest_route=\/wp\/v2\/pages"}],"about":[{"href":"https:\/\/mhgmesskirch.de\/mhg\/index.php?rest_route=\/wp\/v2\/types\/page"}],"author":[{"embeddable":true,"href":"https:\/\/mhgmesskirch.de\/mhg\/index.php?rest_route=\/wp\/v2\/users\/1"}],"replies":[{"embeddable":true,"href":"https:\/\/mhgmesskirch.de\/mhg\/index.php?rest_route=%2Fwp%2Fv2%2Fcomments&post=523"}],"version-history":[{"count":6,"href":"https:\/\/mhgmesskirch.de\/mhg\/index.php?rest_route=\/wp\/v2\/pages\/523\/revisions"}],"predecessor-version":[{"id":3366,"href":"https:\/\/mhgmesskirch.de\/mhg\/index.php?rest_route=\/wp\/v2\/pages\/523\/revisions\/3366"}],"wp:attachment":[{"href":"https:\/\/mhgmesskirch.de\/mhg\/index.php?rest_route=%2Fwp%2Fv2%2Fmedia&parent=523"}],"curies":[{"name":"wp","href":"https:\/\/api.w.org\/{rel}","templated":true}]}}