{"id":540,"date":"2022-09-14T18:15:34","date_gmt":"2022-09-14T18:15:34","guid":{"rendered":"https:\/\/web49967.greatnet-hosting.de\/wordpress_10\/?page_id=540"},"modified":"2023-11-29T08:46:52","modified_gmt":"2023-11-29T08:46:52","slug":"praevention","status":"publish","type":"page","link":"https:\/\/mhgmesskirch.de\/mhg\/?page_id=540","title":{"rendered":"Pr\u00e4vention"},"content":{"rendered":"\n<h2 class=\"wp-block-heading\">Pr\u00e4ventionskonzept am Martin-Heidegger-Gymnasium<\/h2>\n\n\n\n<figure class=\"wp-block-image size-full\"><img loading=\"lazy\" decoding=\"async\" width=\"1622\" height=\"751\" src=\"https:\/\/mhgmesskirch.de\/mhg\/wp-content\/uploads\/2023\/11\/Praeventionskonzept.jpg\" alt=\"\" class=\"wp-image-2861\"\/><\/figure>\n\n\n\n<h2 class=\"wp-block-heading\">Pr\u00e4vention und Betreuung in der Mittagspause<\/h2>\n\n\n\n<p>Das Konzept \u201ePr\u00e4vention und Betreuung in der Mittags\u00adpause&#8220; dient dazu, unsere Wahr\u00adnehmung verst\u00e4rkt f\u00fcr zwischenmenschliche Beziehungen und gruppendynamische Prozesse zu sch\u00e4rfen, um pr\u00e4ventiv wirken sowie insbesondere bei Ausgrenzung einzelner Sch\u00fcler oder Konflikten mit Eskalationspotential schnell reagieren zu k\u00f6n\u00adnen. Auff\u00e4llige Beobachtungen in den Mittagspausen werden gemeinsam mit den Beteiligten analysiert und von der Lehrkraft protokolliert. Die Aufzeichnungen dienen als Grundlage f\u00fcr die R\u00fcckmeldung an weitere Ansprechpartner (Klassenlehrer, Fachlehrer, Schulleitung, Schulsozialarbeit etc.) und helfen dabei, die Aufmerksam\u00adkeit zu erh\u00f6hen und soziale Strukturen aufzudecken. Der Wertsch\u00e4tzung des Einzel\u00adnen und einer guten Kommunikation kommt dabei ein hoher Stellenwert zu. Damit tr\u00e4gt das Konzept dazu bei, die Grunds\u00e4tze aus Leitbild und Sozialcurriculum im Schulalltag deutlich werden zu lassen.<\/p>\n\n\n\n<p>Sch\u00fclerworkshops sind fester Bestandteil unseres Konzepts \u201ePr\u00e4\u00advention und Betreuung in der Mittagspause&#8220;. Sie bieten Sch\u00fclerinnen und Sch\u00fclern aus h\u00f6heren Klassenstufen die M\u00f6glichkeit, ihre Interessen und Talente ins Schulle\u00adben einzubringen und Verantwortung zu \u00fcbernehmen, indem sie f\u00fcr J\u00fcngere Ange\u00adbote in den Mittagspausen machen. Die gemeinsamen Aktivit\u00e4ten unterst\u00fctzten un\u00adsere Sch\u00fclerinnen und Sch\u00fcler darin, Neues auszuprobieren, kreativ zu sein und auch \u00fcber die Klassengrenzen hinweg Kontakte zu kn\u00fcpfen.<\/p>\n\n\n\n<p>Des Weiteren stehen den Sch\u00fclerinnen und Sch\u00fclern zahlreiche Spiele und Materia\u00adlien f\u00fcr den Innen- und Au\u00dfenbereich zur Verf\u00fcgung, die bei den verantwortlichen Lehrerinnen und Lehrern in der Mittagspause ausgeliehen werden k\u00f6nnen.<\/p>\n","protected":false},"excerpt":{"rendered":"<p>Pr\u00e4ventionskonzept am Martin-Heidegger-Gymnasium Pr\u00e4vention und Betreuung in der Mittagspause Das Konzept \u201ePr\u00e4vention und Betreuung in der Mittags\u00adpause&#8220; dient dazu, unsere Wahr\u00adnehmung verst\u00e4rkt f\u00fcr zwischenmenschliche Beziehungen und gruppendynamische Prozesse zu sch\u00e4rfen, um pr\u00e4ventiv wirken sowie insbesondere bei Ausgrenzung einzelner Sch\u00fcler oder Konflikten mit Eskalationspotential schnell reagieren zu k\u00f6n\u00adnen. Auff\u00e4llige Beobachtungen in den Mittagspausen werden gemeinsam mit [&hellip;]<\/p>\n","protected":false},"author":1,"featured_media":0,"parent":0,"menu_order":0,"comment_status":"closed","ping_status":"closed","template":"","meta":{"footnotes":""},"class_list":["post-540","page","type-page","status-publish","hentry"],"_links":{"self":[{"href":"https:\/\/mhgmesskirch.de\/mhg\/index.php?rest_route=\/wp\/v2\/pages\/540","targetHints":{"allow":["GET"]}}],"collection":[{"href":"https:\/\/mhgmesskirch.de\/mhg\/index.php?rest_route=\/wp\/v2\/pages"}],"about":[{"href":"https:\/\/mhgmesskirch.de\/mhg\/index.php?rest_route=\/wp\/v2\/types\/page"}],"author":[{"embeddable":true,"href":"https:\/\/mhgmesskirch.de\/mhg\/index.php?rest_route=\/wp\/v2\/users\/1"}],"replies":[{"embeddable":true,"href":"https:\/\/mhgmesskirch.de\/mhg\/index.php?rest_route=%2Fwp%2Fv2%2Fcomments&post=540"}],"version-history":[{"count":4,"href":"https:\/\/mhgmesskirch.de\/mhg\/index.php?rest_route=\/wp\/v2\/pages\/540\/revisions"}],"predecessor-version":[{"id":2860,"href":"https:\/\/mhgmesskirch.de\/mhg\/index.php?rest_route=\/wp\/v2\/pages\/540\/revisions\/2860"}],"wp:attachment":[{"href":"https:\/\/mhgmesskirch.de\/mhg\/index.php?rest_route=%2Fwp%2Fv2%2Fmedia&parent=540"}],"curies":[{"name":"wp","href":"https:\/\/api.w.org\/{rel}","templated":true}]}}