{"id":541,"date":"2022-09-14T18:15:41","date_gmt":"2022-09-14T18:15:41","guid":{"rendered":"https:\/\/web49967.greatnet-hosting.de\/wordpress_10\/?page_id=541"},"modified":"2025-01-22T12:22:37","modified_gmt":"2025-01-22T12:22:37","slug":"ganztagesbetreuung","status":"publish","type":"page","link":"https:\/\/mhgmesskirch.de\/mhg\/?page_id=541","title":{"rendered":"Ganztagesbetreuung"},"content":{"rendered":"\n<p>Das Martin-Heidegger-Gymnasium bietet seinen Sch\u00fclern ein reichhaltiges Betreuungsangebot aus Lernen, Sport und Spiel, F\u00f6rderung und Unterst\u00fctzung. Die durch die Schule koordinierte und unterst\u00fctzte Nachhilfe in Zusammenarbeit mit der SMV, die Mittagsbetreuung und das Pr\u00e4ventionskonzept sind zentrale Elemente des Ganztagesangebots. Konkret wurde beim Konzept darauf geachtet, dass die individuelle F\u00f6rderung des Einzelnen (siehe Leitbild) einen wichtigen Platz einnimmt. Au\u00dfer einem Computerraum gibt es mobile Computerinseln (bzw. Einzelcomputer) zum individuellen Arbeiten, die Sch\u00fclerbibliothek (als Pr\u00e4senz- und Leihbibliothek) und ein zum Aufenthaltsbereich umgestalteter Eingangsbereich. In der neuen Aula bestehen M\u00f6glichkeiten zu Sport, Tanz und Spiel. Von besonderer Bedeutung ist die Theaterb\u00fchne. Ein Fitnessraum mit (Kraft-) Sportger\u00e4ten, der \u201eSportplatz\u201c mit Kleinspielfeld und das Beachvolleyballfeld erweitern die Entfaltungsm\u00f6glichkeiten der Sch\u00fclerinnen und Sch\u00fcler.<\/p>\n\n\n\n<h2 class=\"wp-block-heading\">Das AG-Angebot im Schuljahr 2024\/25<\/h2>\n\n\n\n<figure class=\"wp-block-table\"><table class=\"has-fixed-layout\"><tbody><tr><td class=\"has-text-align-center\" data-align=\"center\"><strong>AG<\/strong><\/td><td class=\"has-text-align-center\" data-align=\"center\"><strong>Tag<\/strong><\/td><td class=\"has-text-align-center\" data-align=\"center\"><strong>Stunde<\/strong><\/td><td class=\"has-text-align-center\" data-align=\"center\"><strong>Klasse<\/strong><\/td><td class=\"has-text-align-center\" data-align=\"center\"><strong>Lehrkraft<\/strong><\/td><\/tr><tr><td class=\"has-text-align-center\" data-align=\"center\">BigBand<\/td><td class=\"has-text-align-center\" data-align=\"center\">Montag, 14-t\u00e4gig<\/td><td class=\"has-text-align-center\" data-align=\"center\">8. und 9,<\/td><td class=\"has-text-align-center\" data-align=\"center\">7 bis 12<\/td><td class=\"has-text-align-center\" data-align=\"center\">Herr Rebholz<\/td><\/tr><tr><td class=\"has-text-align-center\" data-align=\"center\">Show-Choir<\/td><td class=\"has-text-align-center\" data-align=\"center\">Montag, 14-t\u00e4gig<\/td><td class=\"has-text-align-center\" data-align=\"center\">8. und 9,<\/td><td class=\"has-text-align-center\" data-align=\"center\">7 bis 10<\/td><td class=\"has-text-align-center\" data-align=\"center\">Frau Fiedler<\/td><\/tr><tr><td class=\"has-text-align-center\" data-align=\"center\">Delf B2<\/td><td class=\"has-text-align-center\" data-align=\"center\">Freitag<\/td><td class=\"has-text-align-center\" data-align=\"center\">6.<\/td><td class=\"has-text-align-center\" data-align=\"center\">8<\/td><td class=\"has-text-align-center\" data-align=\"center\">Herr Schmid<\/td><\/tr><tr><td class=\"has-text-align-center\" data-align=\"center\">Delf A1<\/td><td class=\"has-text-align-center\" data-align=\"center\">Freitag<\/td><td class=\"has-text-align-center\" data-align=\"center\">6.<\/td><td class=\"has-text-align-center\" data-align=\"center\">10<\/td><td class=\"has-text-align-center\" data-align=\"center\">Herr Fleisch<\/td><\/tr><tr><td class=\"has-text-align-center\" data-align=\"center\">Miniband<\/td><td class=\"has-text-align-center\" data-align=\"center\">Dienstag<\/td><td class=\"has-text-align-center\" data-align=\"center\">8.<\/td><td class=\"has-text-align-center\" data-align=\"center\">5 und 6<\/td><td class=\"has-text-align-center\" data-align=\"center\">Herr Rebholz<\/td><\/tr><tr><td class=\"has-text-align-center\" data-align=\"center\">Musical<\/td><td class=\"has-text-align-center\" data-align=\"center\">Dienstag<\/td><td class=\"has-text-align-center\" data-align=\"center\">10.<\/td><td class=\"has-text-align-center\" data-align=\"center\">5 und 6<\/td><td class=\"has-text-align-center\" data-align=\"center\">Herr Fiederer<\/td><\/tr><tr><td class=\"has-text-align-center\" data-align=\"center\">Theater<\/td><td class=\"has-text-align-center\" data-align=\"center\">Dienstag<\/td><td class=\"has-text-align-center\" data-align=\"center\">9.<\/td><td class=\"has-text-align-center\" data-align=\"center\">5 und 6<\/td><td class=\"has-text-align-center\" data-align=\"center\">Herr Rebholz<\/td><\/tr><tr><td class=\"has-text-align-center\" data-align=\"center\">M-Kids<\/td><td class=\"has-text-align-center\" data-align=\"center\">Dienstag, 14-t\u00e4gig<\/td><td class=\"has-text-align-center\" data-align=\"center\">8. und 9.<\/td><td class=\"has-text-align-center\" data-align=\"center\">6<\/td><td class=\"has-text-align-center\" data-align=\"center\">Frau Maier<\/td><\/tr><tr><td class=\"has-text-align-center\" data-align=\"center\">M-Kids<\/td><td class=\"has-text-align-center\" data-align=\"center\">Dienstag, 14-t\u00e4gig<\/td><td class=\"has-text-align-center\" data-align=\"center\">8. und 9.<\/td><td class=\"has-text-align-center\" data-align=\"center\">7<\/td><td class=\"has-text-align-center\" data-align=\"center\">Frau Maier<\/td><\/tr><tr><td class=\"has-text-align-center\" data-align=\"center\">Fu\u00dfball<\/td><td class=\"has-text-align-center\" data-align=\"center\">Dienstag, 14-t\u00e4gig<\/td><td class=\"has-text-align-center\" data-align=\"center\">8. und 9.<\/td><td class=\"has-text-align-center\" data-align=\"center\">7 bis 10<\/td><td class=\"has-text-align-center\" data-align=\"center\">Herr Schneider<\/td><\/tr><tr><td class=\"has-text-align-center\" data-align=\"center\">Kunst<\/td><td class=\"has-text-align-center\" data-align=\"center\">Dienstag, 14-t\u00e4gig<\/td><td class=\"has-text-align-center\" data-align=\"center\">8. und 9.<\/td><td class=\"has-text-align-center\" data-align=\"center\">7 bis 10<\/td><td class=\"has-text-align-center\" data-align=\"center\">Frau Stumpf<\/td><\/tr><tr><td class=\"has-text-align-center\" data-align=\"center\">Erste Hilfe<\/td><td class=\"has-text-align-center\" data-align=\"center\">Mittwoch<\/td><td class=\"has-text-align-center\" data-align=\"center\">8. und 9. <\/td><td class=\"has-text-align-center\" data-align=\"center\">8 und 9<\/td><td class=\"has-text-align-center\" data-align=\"center\">Frau Lammert<\/td><\/tr><tr><td class=\"has-text-align-center\" data-align=\"center\">Weltfairsteher<\/td><td class=\"has-text-align-center\" data-align=\"center\">nach Vereinbarung<\/td><td class=\"has-text-align-center\" data-align=\"center\">nach Vereinbarung<\/td><td class=\"has-text-align-center\" data-align=\"center\">5 bis 12<\/td><td class=\"has-text-align-center\" data-align=\"center\">Herr Kettner<\/td><\/tr><tr><td class=\"has-text-align-center\" data-align=\"center\">Schach<\/td><td class=\"has-text-align-center\" data-align=\"center\">Dienstag<\/td><td class=\"has-text-align-center\" data-align=\"center\">8.<\/td><td class=\"has-text-align-center\" data-align=\"center\">5 bis 7<\/td><td class=\"has-text-align-center\" data-align=\"center\">Frau Gut \/ Herr Adler<\/td><\/tr><\/tbody><\/table><\/figure>\n\n\n\n<p><\/p>\n\n\n\n<h2 class=\"wp-block-heading\">Fitnessraum<\/h2>\n\n\n\n<p>Der Fitnessraum steht Sch\u00fclerinnen und Sch\u00fclern ab der Klasse 9 offen, sofern sie eine detaillierte Einf\u00fchrung durch einen Sportlehrer erhalten haben.<\/p>\n\n\n\n<h2 class=\"wp-block-heading\">Bibliothek<\/h2>\n\n\n\n<p>Die Sch\u00fclerbibliothek ist Montag bis Donnerstag, von 9.30 Uhr bis 10 Uhr und von 13 Uhr bis 13.50 Uhr ge\u00f6ffnet. Betreut wird die Sch\u00fclerbibliothek von einem Sch\u00fclerteam.<\/p>\n\n\n\n<h2 class=\"wp-block-heading\">\u00dcbungs- und F\u00f6rderkurse<\/h2>\n\n\n\n<p>Der Fachlehrer empfielt, wer an der F\u00f6rderma\u00dfnahme teilnehmen sollte. Kriterien zur Teilnahme sind z. B. die Leistungen in einem Fach im Vorjahr, Ergebnisse der Vergleichsarbeiten, Leistungsdefizite im laufenden Schuljahr. Eine freiwillige Teilnahme ist ebenso m\u00f6glich. Die F\u00f6rderkurse sind im Stundenplan festgelegt, zum Teil beginnen sie erst im Dezember. <\/p>\n\n\n\n<h2 class=\"wp-block-heading\">Sch\u00fcler helfen Sch\u00fcler<\/h2>\n\n\n\n<p>J\u00fcngere Sch\u00fcler werden von \u00e4lteren durch individuelle Nachhilfe unterst\u00fctzt. Die Nachhilfe ist einzeln oder in Kleingruppen m\u00f6glich. Die Organisation liegt bei Frau H\u00e4gele-Schatz<\/p>\n\n\n\n<h2 class=\"wp-block-heading\">Pr\u00e4vention und Betreuung in der Mittagspause<\/h2>\n\n\n\n<p>Das Konzept \u201ePr\u00e4vention und Betreuung in der Mittagspause\u201c dient dazu, unsere Wahrnehmung verst\u00e4rkt f\u00fcr zwischenmenschliche Beziehungen und gruppendynamische Prozesse zu sch\u00e4rfen, um pr\u00e4ventiv wirken sowie insbesondere bei Ausgrenzung einzelner Sch\u00fcler oder Konflikten mit Eskalationspotential schnell reagieren zu k\u00f6nnen. Auff\u00e4llige Beobachtungen in den Mittagspausen werden gemeinsam mit den Beteiligten analysiert und von der Lehrkraft protokolliert. Die Aufzeichnungen dienen als Grundlage f\u00fcr die R\u00fcckmeldung an weitere Ansprechpartner (Klassenlehrer, Fachlehrer, Schulleitung, Schulsozialarbeit etc.) und helfen dabei, die Aufmerksamkeit zu erh\u00f6hen und soziale Strukturen aufzudecken. Der Wertsch\u00e4tzung des Einzelnen und einer guten Kommunikation kommt dabei ein hoher Stellenwert zu. Damit tr\u00e4gt das Konzept dazu bei, die Grunds\u00e4tze aus Leitbild und Sozialcurriculum im Schulalltag deutlich werden zu lassen.<\/p>\n\n\n\n<p>Sch\u00fclerworkshops sind fester Bestandteil unseres Konzepts \u201ePr\u00e4vention und Betreuung in der Mittagspause\u201c. Sie bieten Sch\u00fclerinnen und Sch\u00fclern aus h\u00f6heren Klassenstufen die M\u00f6glichkeit, ihre Interessen und Talente ins Schulleben einzubringen und Verantwortung zu \u00fcbernehmen, indem sie f\u00fcr J\u00fcngere Angebote in den Mittagspausen machen. Die gemeinsamen Aktivit\u00e4ten unterst\u00fctzten unsere Sch\u00fclerinnen und Sch\u00fcler darin, Neues auszuprobieren, kreativ zu sein und auch \u00fcber die Klassengrenzen hinweg Kontakte zu kn\u00fcpfen.<\/p>\n\n\n\n<p>Des Weiteren stehen den Sch\u00fclerinnen und Sch\u00fclern zahlreiche Spiele und Materialien f\u00fcr den Innen- und Au\u00dfenbereich zur Verf\u00fcgung, die bei den verantwortlichen Lehrerinnen und Lehrern in der Mittagspause ausgeliehen werden k\u00f6nnen.<\/p>\n\n\n\n<h2 class=\"wp-block-heading\">Betreute Lernzeit<\/h2>\n\n\n\n<p>Die Betreute Lernzeit findet an zwei Nachmittagen in der Woche statt und ist ein freiwilliges Angebot f\u00fcr die Sch\u00fcler*innen der Klassen 5 bis 8. Die Lehrkr\u00e4fte unterst\u00fctzen bei Hausaufgaben, helfen bei der Pr\u00fcfungsvorbereitung oder der Anfertigung einer GFS oder beantworten fachliche Fragen. Grunds\u00e4tzlich sind zwei Lehrkr\u00e4fte mit unterschiedlichen Hauptf\u00e4chern anwesend.<\/p>\n","protected":false},"excerpt":{"rendered":"<p>Das Martin-Heidegger-Gymnasium bietet seinen Sch\u00fclern ein reichhaltiges Betreuungsangebot aus Lernen, Sport und Spiel, F\u00f6rderung und Unterst\u00fctzung. Die durch die Schule koordinierte und unterst\u00fctzte Nachhilfe in Zusammenarbeit mit der SMV, die Mittagsbetreuung und das Pr\u00e4ventionskonzept sind zentrale Elemente des Ganztagesangebots. Konkret wurde beim Konzept darauf geachtet, dass die individuelle F\u00f6rderung des Einzelnen (siehe Leitbild) einen wichtigen [&hellip;]<\/p>\n","protected":false},"author":1,"featured_media":0,"parent":0,"menu_order":0,"comment_status":"closed","ping_status":"closed","template":"","meta":{"footnotes":""},"class_list":["post-541","page","type-page","status-publish","hentry"],"_links":{"self":[{"href":"https:\/\/mhgmesskirch.de\/mhg\/index.php?rest_route=\/wp\/v2\/pages\/541","targetHints":{"allow":["GET"]}}],"collection":[{"href":"https:\/\/mhgmesskirch.de\/mhg\/index.php?rest_route=\/wp\/v2\/pages"}],"about":[{"href":"https:\/\/mhgmesskirch.de\/mhg\/index.php?rest_route=\/wp\/v2\/types\/page"}],"author":[{"embeddable":true,"href":"https:\/\/mhgmesskirch.de\/mhg\/index.php?rest_route=\/wp\/v2\/users\/1"}],"replies":[{"embeddable":true,"href":"https:\/\/mhgmesskirch.de\/mhg\/index.php?rest_route=%2Fwp%2Fv2%2Fcomments&post=541"}],"version-history":[{"count":6,"href":"https:\/\/mhgmesskirch.de\/mhg\/index.php?rest_route=\/wp\/v2\/pages\/541\/revisions"}],"predecessor-version":[{"id":3474,"href":"https:\/\/mhgmesskirch.de\/mhg\/index.php?rest_route=\/wp\/v2\/pages\/541\/revisions\/3474"}],"wp:attachment":[{"href":"https:\/\/mhgmesskirch.de\/mhg\/index.php?rest_route=%2Fwp%2Fv2%2Fmedia&parent=541"}],"curies":[{"name":"wp","href":"https:\/\/api.w.org\/{rel}","templated":true}]}}