{"id":556,"date":"2022-09-14T18:16:18","date_gmt":"2022-09-14T18:16:18","guid":{"rendered":"https:\/\/web49967.greatnet-hosting.de\/wordpress_10\/?page_id=556"},"modified":"2026-01-19T14:51:11","modified_gmt":"2026-01-19T14:51:11","slug":"ankommen-in-klasse-5","status":"publish","type":"page","link":"https:\/\/mhgmesskirch.de\/mhg\/?page_id=556","title":{"rendered":"Informationen f\u00fcr Grundsch\u00fcler und ihre Eltern"},"content":{"rendered":"\n<p class=\"has-large-font-size\">Liebe Grundsch\u00fclerinnen und Grundsch\u00fcler, <\/p>\n\n\n\n<p class=\"has-medium-font-size\">wir freuen uns sehr \u00fcber euer Interesse am Martin-Heidegger-Gymnasium. Auf dieser Seite bekommt ihr einen ersten \u00dcberblick \u00fcber unsere Schule. Wenn ihr mehr wissen wollt, st\u00f6bert einfach ein bisschen durch unsere Homepage. <\/p>\n\n\n\n<figure class=\"wp-block-image size-full\"><img loading=\"lazy\" decoding=\"async\" width=\"1000\" height=\"508\" src=\"https:\/\/mhgmesskirch.de\/mhg\/wp-content\/uploads\/2022\/10\/Schllandheim6ab22HP.jpg\" alt=\"\" class=\"wp-image-1034\"\/><\/figure>\n\n\n\n<p>Wenn ihr wissen wolt, was wir innerhalb eines Jahres alles machen, lohnt sich ein Blick in unser <a href=\"https:\/\/mhgmesskirch.de\/mhg\/wp-content\/uploads\/2026\/01\/SchulzeitungText2024-25.pdf\" target=\"_blank\" rel=\"noreferrer noopener\">Jahrbuch<\/a>!<\/p>\n\n\n\n<p class=\"has-medium-font-size\"><\/p>\n\n\n\n<p class=\"has-large-font-size\"><strong>Martin-Heidegger-Gymnasium startet mit G9<\/strong><\/p>\n\n\n\n<p>Mit der Verabschiedung eines neuen Schulgesetzes durch den Landtag Ende Januar kehrt Baden-W\u00fcrttemberg zum neunj\u00e4hrigen Gymnasium zur\u00fcck. F\u00fcr die F\u00fcnfkl\u00e4sslerinnen und F\u00fcnftkl\u00e4ssler, die im kommenden Schuljahr auf das Gymnasium wechseln, bringt dies einige Ver\u00e4nderungen mit sich. Dadurch, dass sie in neun statt bisher in acht Jahren zum Abitur gef\u00fchrt werden, verringert sich auch die Wochenstundenzahl, sodass die Klassen 5 und 6 ohne Nachmittagsunterricht auskommen werden. Um die Kinder bei ihrem Lernprozess zus\u00e4tzlich zu begleiten und zu unterst\u00fctzen, wird in Klasse 7 ein Sch\u00fclermentoring eingef\u00fchrt. Mit diesen Coaching-Gespr\u00e4chen sollen Selbstregulationsf\u00e4higkeiten gest\u00e4rkt und die Sch\u00fclerinnen und Sch\u00fcler ermutigt werden, Verantwortung f\u00fcr das eigene Lernen zu \u00fcbernehmen. Eine weitere Neuerung ist das Fach \u201eInformatik und Medienbildung\u201c, das von Klasse 5 bis Klasse 11 unterrichtet wird. Schlie\u00dflich werden Elemente der Demokratiebildung an mehreren Stellen verbindlich verankert. Auch die Zahl der zu schreibenden Klassenarbeiten verringert sich: In den meisten Hauptf\u00e4chern werden nur noch drei Klassenarbeiten pro Schuljahr geschrieben.<\/p>\n\n\n\n<p>Ausf\u00fchrliche Informationen zu den Innovationen des G9 erhalten interessierte Eltern und ihre Kinder am \u201eTag der offenen T\u00fcr\u201c am Montag, den 2. Februar 2026 um 15.00 Uhr.<\/p>\n\n\n\n<h2 class=\"wp-block-heading\">Anmeldung zum Potenzialtest<\/h2>\n\n\n\n<p>Die Anmeldung zum Potenzialtest ist von Montag, den 09. Februar bis Mittwoch, den 11. Februar 2026 jeweils von 7.30 Uhr bis 12.00 Uhr m\u00f6glich. Bitte bringen Sie das von der Grundschule ausgeh\u00e4ndigte Formular mit zur Anmeldung.<\/p>\n\n\n\n<p>Das Martin-Heidegger-Gymnasium ist f\u00fcr die Kinder folgender Grundschulen zust\u00e4ndig:<\/p>\n\n\n\n<p>Conradin-Kreutzer-Schule Me\u00dfkirch, Grundschule Rohrdorf, Grundschule Wald, Auentalschule Sauldorf, Wildenstein-Schule Leibertingen<\/p>\n\n\n\n<p>De Potenzialtest findet am Dienstag, den 24. Februar 2026 am Martin-Heidegger-Gymnasium statt. Wir bitten Sie, sich bereits um 08.45 Uhr vor dem Sekretariat (1, Stock) einzufinden. Der Test beginnt um 9.00 Uhr und dauert ca. 75 Minuten. Die Ergebnisse werden am Freitag, den 28. Februar versandt.<\/p>\n\n\n\n<p><\/p>\n\n\n\n<p><\/p>\n\n\n\n<h2 class=\"wp-block-heading has-large-font-size\">Tag der offenen T\u00fcr<\/h2>\n\n\n\n<figure class=\"wp-block-image size-large\"><img loading=\"lazy\" decoding=\"async\" width=\"1024\" height=\"731\" src=\"https:\/\/mhgmesskirch.de\/mhg\/wp-content\/uploads\/2025\/01\/MusicalHuete-1024x731.jpg\" alt=\"\" class=\"wp-image-3460\" srcset=\"https:\/\/mhgmesskirch.de\/mhg\/wp-content\/uploads\/2025\/01\/MusicalHuete-1024x731.jpg 1024w, https:\/\/mhgmesskirch.de\/mhg\/wp-content\/uploads\/2025\/01\/MusicalHuete-300x214.jpg 300w, https:\/\/mhgmesskirch.de\/mhg\/wp-content\/uploads\/2025\/01\/MusicalHuete-768x548.jpg 768w, https:\/\/mhgmesskirch.de\/mhg\/wp-content\/uploads\/2025\/01\/MusicalHuete-1536x1097.jpg 1536w, https:\/\/mhgmesskirch.de\/mhg\/wp-content\/uploads\/2025\/01\/MusicalHuete-2048x1463.jpg 2048w\" sizes=\"auto, (max-width: 1024px) 100vw, 1024px\" \/><\/figure>\n\n\n\n<p class=\"has-text-align-center has-medium-font-size\">Unser Tag der offenen T\u00fcr ist im Schuljahr 20025\/26 am<\/p>\n\n\n\n<p class=\"has-text-align-center has-large-font-size\">Montag, den 02. Februar 2026<\/p>\n\n\n\n<p class=\"has-text-align-center has-large-font-size\">von 15.00 bis 17.00 Uhr<\/p>\n\n\n\n<p class=\"has-text-align-center has-medium-font-size\">Wir stellen dir unsere Schule vor und geben dir einen Einblick in unser<br>spannendes, buntes und \u00fcberraschendes Universum.<br>Deine Eltern und deine Geschwister darfst du gerne mitbringen,<br>wir k\u00fcmmern uns um sie!<\/p>\n\n\n\n<p class=\"has-text-align-center has-large-font-size\">Wir freuen uns auf Euch!<\/p>\n\n\n\n<p><\/p>\n\n\n\n<h2 class=\"wp-block-heading has-large-font-size\">Chance Gymnasium<\/h2>\n\n\n\n<p class=\"has-medium-font-size\">Die Direktorenvereinigung S\u00fcdw\u00fcrttemberg stellt auf der Internetseite <strong><a rel=\"noreferrer noopener\" href=\"https:\/\/chance-gymnasium.de\/\" data-type=\"URL\" data-id=\"https:\/\/chance-gymnasium.de\/\" target=\"_blank\">Chance Gymnasium<\/a><\/strong> Informationen rund um das allgemeinbildende Gymnasium zusammen. Gleichzeitig hat die Initiative das Ziel,  Familien bei der Frage nach der richtigen Schulart zu unterst\u00fctzen.<\/p>\n\n\n<div class=\"wp-block-image\">\n<figure class=\"aligncenter size-full is-resized\"><a href=\"https:\/\/chance-gymnasium.de\/\" target=\"_blank\" rel=\"noreferrer noopener\"><img loading=\"lazy\" decoding=\"async\" width=\"347\" height=\"114\" src=\"https:\/\/mhgmesskirch.de\/mhg\/wp-content\/uploads\/2023\/11\/Element-9.png\" alt=\"\" class=\"wp-image-2639\" style=\"width:349px;height:115px\" srcset=\"https:\/\/mhgmesskirch.de\/mhg\/wp-content\/uploads\/2023\/11\/Element-9.png 347w, https:\/\/mhgmesskirch.de\/mhg\/wp-content\/uploads\/2023\/11\/Element-9-300x99.png 300w\" sizes=\"auto, (max-width: 347px) 100vw, 347px\" \/><\/a><\/figure>\n<\/div>\n\n\n<figure class=\"wp-block-embed aligncenter is-type-video is-provider-youtube wp-block-embed-youtube wp-embed-aspect-16-9 wp-has-aspect-ratio\"><div class=\"wp-block-embed__wrapper\">\n<iframe loading=\"lazy\" title=\"Chance Gymnasium Baden-W\u00fcrttemberg\" width=\"500\" height=\"281\" src=\"https:\/\/www.youtube.com\/embed\/WUk1hvioswc?feature=oembed\" frameborder=\"0\" allow=\"accelerometer; autoplay; clipboard-write; encrypted-media; gyroscope; picture-in-picture; web-share\" referrerpolicy=\"strict-origin-when-cross-origin\" allowfullscreen><\/iframe>\n<\/div><\/figure>\n\n\n\n<p><\/p>\n\n\n\n<h2 class=\"wp-block-heading has-large-font-size\">Anmeldung 2026<\/h2>\n\n\n\n<p class=\"has-medium-font-size\">Die Anmeldetermine f\u00fcr unsere Schule sind:<\/p>\n\n\n\n<figure class=\"wp-block-table is-style-stripes\"><table><tbody><tr><td>Montag, 09. M\u00e4rz 2026<\/td><td>&nbsp;8:00 \u2013 12:30 Uhr und 14:00 \u2013 17:00 Uhr<\/td><\/tr><tr><td>Dienstag, 10. M\u00e4rz 2026<\/td><td>8:00 \u2013 12:30 Uhr<\/td><\/tr><tr><td>Mittwoch, 11. M\u00e4rz 2026<\/td><td>&nbsp;8:00 \u2013 12:30 Uhr<\/td><\/tr><tr><td>Donnerstag, 12. M\u00e4rz 2026<\/td><td>&nbsp;8:00 \u2013 12:00 Uhr<\/td><\/tr><\/tbody><\/table><\/figure>\n\n\n\n<p class=\"has-medium-font-size\">Bitte bringen Sie zur Anmeldung die Unterlagen der Grundschule, die Geburtsurkunde und den Nachweis \u00fcber den Masernschutz (beides nur zur Einsichtnahme) mit. Die weiteren Anmeldeunterlagen finden Sie <a href=\"https:\/\/mhgmesskirch.de\/mhg\/wp-content\/uploads\/2026\/01\/Anmeldung-2026-Kl-5.pdf\">hier<\/a><a href=\"https:\/\/mhgmesskirch.de\/mhg\/wp-content\/uploads\/2025\/02\/Anmeldung-2025-Kl-5.pdf\">.<\/a> Sie k\u00f6nnen die Unterlagen gerne im Vorfeld selbst ausdrucken oder sich diese per Post von uns zusenden lassen und dann zur Anmeldung ausgef\u00fcllt wieder mitbringen.<\/p>\n\n\n\n<p class=\"has-medium-font-size\">Gerne nehmen wir uns auch Zeit f\u00fcr ein Beratungsgespr\u00e4ch. Bei Bedarf k\u00f6nnen Sie gerne entweder telefonisch oder per E-Mail mit uns Kontakt aufnehmen:<\/p>\n\n\n\n<p>Telefon: &nbsp;&nbsp;&nbsp;&nbsp;&nbsp;&nbsp;&nbsp;&nbsp;&nbsp;&nbsp;&nbsp;&nbsp;&nbsp;&nbsp;&nbsp;&nbsp;&nbsp;&nbsp;&nbsp;&nbsp; 07575-206-3410<\/p>\n\n\n\n<p class=\"has-medium-font-size\">Das Sekretariat ist an Schultagen besetzt von 8 bis 12.30 Uhr E-Mail: \u00a0\u00a0\u00a0\u00a0\u00a0\u00a0\u00a0\u00a0\u00a0\u00a0\u00a0\u00a0\u00a0\u00a0\u00a0\u00a0\u00a0\u00a0\u00a0\u00a0\u00a0 <a href=\"mailto:sekretariat@gymnasium-messkirch.de\"><a href=\"mailto:sekretariat@gymnasium-messkirch.de\">poststelle@04111764.schule.bwl.de<\/a><\/a><\/p>\n\n\n\n<p><\/p>\n\n\n\n<p><\/p>\n\n\n\n<h2 class=\"wp-block-heading has-large-font-size\">Schulprofil<\/h2>\n\n\n\n<p class=\"has-medium-font-size\">Das Martin-Heidegger-Gymnasium Me\u00dfkirch ist ein allgemein bildendes Gymnasium, das mit der Umstellung auf G8 zu einer Ganztagesschule in offener Form ausgebaut wurde. Im Schuljahr 2022\/2023 werden 325 Sch\u00fcler von 31 Lehrkr\u00e4ften in 17 Klassen unterrichtet.<br>Ab Klasse 8 entscheiden sich die Sch\u00fclerinnen und Sch\u00fcler zwischen einem naturwissenschaftlichen und einem sprachlichen Profil. Bei letzterem kommt neben Englisch und Franz\u00f6sisch Spanisch als dritte Fremdsprache hinzu.<br>Die 6. Klassen gehen f\u00fcr eine Woche ins Landschulheim, in der 9. Klasse findet im sprachlichen Profil eine Sprachreise nach Spanien und im naturwissenschaftlichen nach Hamburg statt, die Jahrgangsstufe 11 unternimmt eine Studienfahrt nach Berlin. Es besteht au\u00dferdem in der Mittelstufe die M\u00f6glichkeit, am Sch\u00fcleraustausch mit Frankreich und Japan teilzunehmen.<br>Die Klassen 5 bis 7 haben in der Regel an einem Nachmittag Unterricht, die Klassen 8 bis 10 an zwei Nachmittagen.<\/p>\n\n\n<div class=\"wp-block-image is-resized\">\n<figure class=\"aligncenter size-full\"><img loading=\"lazy\" decoding=\"async\" width=\"1280\" height=\"960\" src=\"https:\/\/mhgmesskirch.de\/mhg\/wp-content\/uploads\/2022\/11\/Gymnasium.jpeg.jpg\" alt=\"\" class=\"wp-image-1073\"\/><\/figure>\n<\/div>\n\n\n<h2 class=\"wp-block-heading has-large-font-size\">Ausstattung<\/h2>\n\n\n\n<p class=\"has-medium-font-size\">Dem Martin-Heidegger-Gymnasium stehen insgesamt 18 Klassenzimmer und sechs naturwissen-schaftliche Fachr\u00e4ume zur Verf\u00fcgung. Die mediale Ausstattung der Schule ist sehr gut und auf neuestem Stand. Alle R\u00e4ume der Schule besitzen einen Internetanschluss. Nahezu alle Unterrichtsr\u00e4ume sind mit interaktiven Tafeln und mit Dokumentenkameras ausgestattet. F\u00fcr das Fach Bildende Kunst stehen zwei Zeichens\u00e4le, ein Werkraum, ein Brennraum sowie ein Vorbereitungsraum zur Verf\u00fcgung.<br>Zwei sehr gut ausgestattete Computerr\u00e4ume mit jeweils 18 Arbeitspl\u00e4tzen sowie mehrere Klassens\u00e4tze iPads bieten Lehrkr\u00e4ften in allen F\u00e4chern die M\u00f6glichkeit, Computer und Internet im Unterricht sinnvoll einzusetzen. Daneben finden sich im gesamten Schulgeb\u00e4ude Computerinseln, die den Sch\u00fclerinnen und Sch\u00fclern frei zur Verf\u00fcgung stehen, um eigenst\u00e4ndig zu arbeiten und zu recherchieren. F\u00fcr die Sch\u00fclerinnen und Sch\u00fcler stehen au\u00dferdem eine Sch\u00fclerbibliothek, ein Kursstufenraum, ein Stillarbeitsraum sowie ab Mittag der Nebenraum der Bibliothek als Aufenthalts-, Arbeits- oder Leseraum zur Verf\u00fcgung.<br>Um den Alltag zu erleichtern, wurden f\u00fcr alle Sch\u00fclerinnen und Sch\u00fcler Schlie\u00dff\u00e4cher<br>eingerichtet. <\/p>\n\n\n<div class=\"wp-block-image\">\n<figure class=\"aligncenter size-full\"><img loading=\"lazy\" decoding=\"async\" width=\"2048\" height=\"1256\" src=\"https:\/\/mhgmesskirch.de\/mhg\/wp-content\/uploads\/2022\/11\/Adleraktivboard.webp\" alt=\"\" class=\"wp-image-1086\"\/><\/figure>\n<\/div>\n\n\n<h2 class=\"wp-block-heading has-large-font-size\">Campus<\/h2>\n\n\n\n<p class=\"has-medium-font-size\">Das Martin-Heidegger-Gymnasium liegt am s\u00fcdlichen Rand der Stadt Me\u00dfkirch idyllisch inmitten von gr\u00fcnen Wiesen. Auf dem Gel\u00e4nde des Schulzentrums, zu dem auch die Grafen-von-Zimmern-Realschule geh\u00f6rt, befinden sich ein modernes Hallenbad, eine gut ausgestattete Sporthalle sowie ein Au\u00dfenbereich mit zahlreichen Sportst\u00e4tten wie Basketball- und Beachvolleyballfeld. In der Mensa stehen t\u00e4glich variierende Gerichte zur Auswahl, die Kinder k\u00f6nnen aber auch das von zuhause mitgebrachte Mittagessen in den schulischen Mikrowellen aufw\u00e4rmen.<br>Zudem haben die zahlreichen Arbeitsgemeinschaften in der neu gebauten Halle am Feldweg mit der fest installierten B\u00fchne eine angemessene Pr\u00e4sentationsm\u00f6glichkeit, die bei den verschiedensten Veranstaltungen (Musical, Auff\u00fchrungen der Theater-AG, Chorauftritte) intensiv genutzt wird. Zudem k\u00f6nnen verschiedene Veranstaltungen der Schulgemeinschaft (Abiturfeier, Weihnachtsfeier, Eltern-<br>versammlung, Schulfasnet) gemeinsam erlebt und gefeiert werden.<\/p>\n\n\n<div class=\"wp-block-image\">\n<figure class=\"aligncenter size-full\"><img loading=\"lazy\" decoding=\"async\" width=\"1773\" height=\"1182\" src=\"https:\/\/mhgmesskirch.de\/mhg\/wp-content\/uploads\/2022\/11\/RiffHP.jpg\" alt=\"\" class=\"wp-image-1082\"\/><\/figure>\n<\/div>\n\n\n<h2 class=\"wp-block-heading has-large-font-size\">Wertsch\u00e4tzung<\/h2>\n\n\n\n<p class=\"has-medium-font-size\">Im Leitbild unserer Schule nimmt die gegenseitige Wertsch\u00e4tzung eine besondere Stellung ein. So lautet der erste Abschnitt:<br>\u201eIm Mittelpunkt des Schullebens steht der einzelne Mensch mit seiner Pers\u00f6nlichkeit. Alle Beteiligten achten sich in ihrer Individualit\u00e4t und ihren besonderen F\u00e4higkeiten; auf ihre Schw\u00e4chen und Grenzen nehmen sie R\u00fccksicht. Daher leben und fordern sie gegenseitige Toleranz, halten sich an Regeln und Absprachen und tragen zur Integration aller in die Schulgemeinschaft bei.\u201c<br>Es ist der Anspruch aller am Schulleben Beteiligten, dieses Ideal jeden Tag aufs Neue umzusetzen.<\/p>\n\n\n<div class=\"wp-block-image\">\n<figure class=\"aligncenter size-full\"><img loading=\"lazy\" decoding=\"async\" width=\"966\" height=\"593\" src=\"https:\/\/mhgmesskirch.de\/mhg\/wp-content\/uploads\/2022\/11\/MalprojektVorbereitung.jpg\" alt=\"\" class=\"wp-image-1088\"\/><\/figure>\n<\/div>\n\n\n<h2 class=\"wp-block-heading has-large-font-size\">Kompetenz<\/h2>\n\n\n\n<p class=\"has-medium-font-size\">Unsere Schule vermittelt und festigt sowohl eine solide Fachkompetenz als auch methodische und personale Kompetenzen. Grundlage daf\u00fcr sind die Bildungsstandards und das Schulcurriculum. Leistungsbereitschaft, Sorgfalt und Ausdauer, Kreativit\u00e4t und Konzentration, Kritikf\u00e4higkeit und Kommunikation bilden die Voraussetzungen f\u00fcr ein erfolgreiches, nachhaltiges Lernen. Der t\u00e4gliche Fachunterricht wird dabei erg\u00e4nzt durch regelm\u00e4\u00dfig stattfindende Exkursionen (etwa in Geschichte und Erdkunde), Theater- und Opernbesuche, die Studienfahrt nach Berlin, schulische Wettbewerbe und durch die Kooperation mit Hochschulen. Die Einheit \u201eLernen lernen\u201c in Klasse 5 unterst\u00fctzt die Sch\u00fclerinnen und Sch\u00fcler beim eigenst\u00e4ndigen Lernen.<\/p>\n\n\n<div class=\"wp-block-image\">\n<figure class=\"aligncenter size-full\"><img loading=\"lazy\" decoding=\"async\" width=\"1500\" height=\"1060\" src=\"https:\/\/mhgmesskirch.de\/mhg\/wp-content\/uploads\/2022\/11\/collageZirkus7.jpg\" alt=\"\" class=\"wp-image-1080\"\/><\/figure>\n<\/div>\n\n\n<h2 class=\"wp-block-heading has-large-font-size\">F\u00f6rderung<\/h2>\n\n\n\n<p class=\"has-medium-font-size\">Es ist unserer Schule ein Anliegen, jeden Einzelnen bestm\u00f6glich zu unterst\u00fctzen und Defizite effektiv zu beheben. Unser F\u00f6rderkonzept sieht vor, dass nicht nur zum Halbjahr eine R\u00fcckmeldung zum Leistungsstand in den einzelnen F\u00e4chern erfolgt, sondern bei Bedarf auch nach den Herbstferien und im Fr\u00fchjahr. Schule, Sch\u00fcler und Eltern suchen gemeinsam nach L\u00f6sungen. Dies kann der Besuch eines F\u00f6rderkurses sein, aber auch individuelle Nachhilfe durch Sch\u00fcler, die in der Regel kostenfrei angeboten werden kann. Die Unterrichtsform Offenes Lernen erm\u00f6glicht der Lehrkraft in besonderer Weise eine individualisierte F\u00f6rderung. Auch das breite Angebot an Arbeitsgemeinschaften erm\u00f6glicht es den Sch\u00fclerinnen und Sch\u00fclern, eigene Schwerpunkte zu setzen.<\/p>\n\n\n<div class=\"wp-block-image\">\n<figure class=\"aligncenter size-full\"><img loading=\"lazy\" decoding=\"async\" width=\"1280\" height=\"853\" src=\"https:\/\/mhgmesskirch.de\/mhg\/wp-content\/uploads\/2022\/11\/Verantwortung.jpeg.jpg\" alt=\"\" class=\"wp-image-1075\"\/><\/figure>\n<\/div>\n\n\n<h2 class=\"wp-block-heading has-large-font-size\">Verantwortung<\/h2>\n\n\n\n<p class=\"has-medium-font-size\">Jeder Einzelne wird darin best\u00e4rkt, verantwortlich zu leben und Verantwortung zu \u00fcbernehmen: f\u00fcr sich selbst, also f\u00fcr das eigene Verhalten und den eigenen Lernerfolg, aber auch f\u00fcr die Klassen- und Schulgemeinschaft, die Gesellschaft und die Umwelt.<br>Die Schule schafft Freir\u00e4ume f\u00fcr verantwortliches Handeln und f\u00f6rdert den Mut zur Mitbestimmung und zur \u00dcbernahme von Verantwortung \u2013 innerhalb und au\u00dferhalb der Schule. Sch\u00fclerinnen und Sch\u00fcler k\u00f6nnen sich beispielsweise in der SMV engagieren, sie k\u00f6nnen dem Schulsanit\u00e4tsdienst oder dem Klimarat beitreten, sich zu Sch\u00fclermentoren ausbilden lassen oder Workshops in der Mittagspause<br>anbieten.<\/p>\n\n\n<div class=\"wp-block-image is-resized\">\n<figure class=\"aligncenter size-full\"><img loading=\"lazy\" decoding=\"async\" width=\"516\" height=\"387\" src=\"https:\/\/mhgmesskirch.de\/mhg\/wp-content\/uploads\/2022\/11\/Partnerschaft.jpg\" alt=\"\" class=\"wp-image-1084\"\/><\/figure>\n<\/div>\n\n\n<h2 class=\"wp-block-heading has-large-font-size\">Beratung und Betreuung<\/h2>\n\n\n\n<p class=\"has-medium-font-size\">Ein zentraler Baustein der schulischen Beratungsangebote ist die Berufsorientierung. Diese beginnt mit dem Girls-\/Boys-Day in Klasse 8; es folgen zum Beispiel Betriebsbesichtigungen bei Partnerfirmen, die Tage der Berufsorientierung, die BOGY-Praktikumswochen und der Studientag. Weitere Bestandteile sind das Bewerbertraining und regelm\u00e4\u00dfige Beratungsm\u00f6glichkeiten durch die Agentur f\u00fcr Arbeit. Das Gymnasium ber\u00e4t nat\u00fcrlich auch hinsichtlich der schulischen Laufbahn der Kinder und Jugendlichen. Daf\u00fcr stehen die Schulleitung, eine Beratungslehrerin sowie die Oberstufenberatung zur Verf\u00fcgung.<br>Zus\u00e4tzlich ber\u00e4t die Schulsozialarbeit rund um alle schulischen Fragen.<br>Neben unserem Betreuungskonzept f\u00fcr die Mittagspause, in der auch Workshops von Sch\u00fclern angeboten werden, gibt es an einem Nachmittag noch die \u201eBetreute Lernzeit\u201c. Dieses Angebot ist klassen\u00fcbergreifend und richtet sich an alle, die Hilfe bei der Erledigung von Hausaufgaben, bei der Erstellung von GFS oder bei der Vorbereitung auf Klassenarbeiten ben\u00f6tigen.<\/p>\n\n\n\n<h2 class=\"wp-block-heading has-large-font-size\">Gemeinschaft<\/h2>\n\n\n\n<p class=\"has-medium-font-size\">Alle Beteiligten des Schullebens verbringen viel Zeit am Martin-Heidegger-Gymnasium. Deshalb ist es uns ein Anliegen, das Gemeinschaftsgef\u00fchl f\u00fcr ein gutes Miteinander zu st\u00e4rken. Dies geschieht \u00fcber gemeinsame Feste wie den Abschlusshock, die Weihnachtsfeier oder Kursfeste, aber auch \u00fcber besondere<br>Projekte wie den Tag des Lesens oder den Deutsch-Franz\u00f6sischen Tag. Die Veranstaltungen der SMV wie Spieletag, Fasnet oder Kultursprung tragen in besonderer Weise zu einem aktiven Schulleben bei.<br>Mit dem F\u00f6rderverein des Martin-Heidegger-Gymnasiums gibt es die M\u00f6glichkeit, auch lange nach der eigenen Schulzeit Teil der Schulgemeinschaft zu sein.<\/p>\n\n\n<div class=\"wp-block-image\">\n<figure class=\"aligncenter size-full\"><img loading=\"lazy\" decoding=\"async\" width=\"1280\" height=\"960\" src=\"https:\/\/mhgmesskirch.de\/mhg\/wp-content\/uploads\/2022\/11\/Schneemann.jpeg.jpg\" alt=\"\" class=\"wp-image-1076\"\/><\/figure>\n<\/div>\n\n\n<h2 class=\"wp-block-heading has-large-font-size\">Partnerschaft<\/h2>\n\n\n\n<p class=\"has-medium-font-size\">Das Martin-Heidegger-Gymnasium versteht sich als Schule, die sich in einem weit gestrickten Netz von wertvollen Partnerschaften befindet. Kommunikation und Kooperation sind die Voraussetzung daf\u00fcr, dass diese Beziehungen lebendig und gewinnbringend gestaltet werden k\u00f6nnen. Die Erziehungs- und Bildungspartnerschaft mit den Eltern der uns anvertrauten Kinder steht dabei an erster Stelle.<br>Mit der Stadt Me\u00dfkirch haben wir einen Schultr\u00e4ger, der unseren Anliegen offen gegen\u00fcbersteht und uns bestm\u00f6glich unterst\u00fctzt. Mit den umliegenden Grundschulen und weiterf\u00fchrenden Schulen verbindet uns die Verantwortung, f\u00fcr die Sch\u00fclerinnen und Sch\u00fcler die f\u00fcr sie passende Schullaufbahn zu erm\u00f6glichen.<br>Internationale Begegnungen wie unsere Austauschprogramme oder die Teilnahme an europ\u00e4ischen Projekten \u00f6ffnen den Beteiligten den Blick f\u00fcr Zusammenh\u00e4nge jenseits regionaler oder nationaler Grenzen. Dies gilt auch f\u00fcr unsere Schulpatenschaft mit der Hilfsorganisation \u201eproject human aid\u201c, die Bildungsprojekte in Burundi unterst\u00fctzt.<\/p>\n\n\n<div class=\"wp-block-image\">\n<figure class=\"aligncenter size-full\"><img loading=\"lazy\" decoding=\"async\" width=\"3872\" height=\"2036\" src=\"https:\/\/mhgmesskirch.de\/mhg\/wp-content\/uploads\/2022\/11\/Gaertner1.jpg\" alt=\"\" class=\"wp-image-1083\"\/><\/figure>\n<\/div>\n\n\n<h2 class=\"wp-block-heading has-large-font-size\">Soziales Lernen<\/h2>\n\n\n\n<p class=\"has-medium-font-size\">Soziale Lernprozesse sind Teil des Schulalltags. Die Schule vermittelt bestimmte Haltungen und Einstellungen und \u00fcbt diese im Miteinander von Lehrern und Sch\u00fclern ein. An verschiedenen Punkten sollen diese sozialen Lernprozesse aber auch besonders bewusst gemacht und gezielt gef\u00f6rdert werden. Elemente des schulischen Sozialcurriculums sind unter anderem der Klassenrat, der in Klasse 5 eingef\u00fchrt wird, die Klassentage, die \u201eIntensivzeit\u201c des Schullandheims in Klasse 6, das Patenschaftsprojekt mit Burundi, die von der Schule angebotenen internationalen Begegnungen und die Tage der Orientierung in Klasse 9.<\/p>\n\n\n<div class=\"wp-block-image is-resized\">\n<figure class=\"aligncenter size-full\"><img loading=\"lazy\" decoding=\"async\" width=\"3507\" height=\"2043\" src=\"https:\/\/mhgmesskirch.de\/mhg\/wp-content\/uploads\/2022\/11\/Barcelona1.jpg\" alt=\"\" class=\"wp-image-1079\"\/><\/figure>\n<\/div>\n\n\n<h2 class=\"wp-block-heading has-large-font-size\">Pr\u00e4vention<\/h2>\n\n\n\n<p class=\"has-medium-font-size\">Das Konzept \u201ePr\u00e4vention und Betreuung in der Mittagspause\u201c dient dazu, unsere Wahrnehmung verst\u00e4rkt f\u00fcr zwischenmenschliche Beziehungen und gruppendynamische Prozesse zu sch\u00e4rfen, um pr\u00e4ventiv wirken sowie insbesondere bei Ausgrenzung einzelner Sch\u00fcler oder Konflikten mit Eskalationspotential schnell reagieren zu k\u00f6nnen. Gemeinsam mit au\u00dferschulischen Partnern wie der Polizei und dem<br>Landratsamt Sigmaringen oder der Suchtberatungsstelle f\u00fchren wir regelm\u00e4\u00dfig Veranstaltungen durch, um in den Bereichen Gewalt, Sucht und Missbrauch von Medien pr\u00e4ventiv zu wirken. Ein wichtiger Baustein der Pr\u00e4vention ist auch die Schulsozialarbeit.<\/p>\n\n\n<div class=\"wp-block-image is-resized\">\n<figure class=\"aligncenter size-full\"><img loading=\"lazy\" decoding=\"async\" width=\"600\" height=\"642\" src=\"https:\/\/mhgmesskirch.de\/mhg\/wp-content\/uploads\/2022\/11\/HengstlerHP2.jpg\" alt=\"\" class=\"wp-image-1078\"\/><\/figure>\n<\/div>","protected":false},"excerpt":{"rendered":"<p>Liebe Grundsch\u00fclerinnen und Grundsch\u00fcler, wir freuen uns sehr \u00fcber euer Interesse am Martin-Heidegger-Gymnasium. Auf dieser Seite bekommt ihr einen ersten \u00dcberblick \u00fcber unsere Schule. Wenn ihr mehr wissen wollt, st\u00f6bert einfach ein bisschen durch unsere Homepage. Wenn ihr wissen wolt, was wir innerhalb eines Jahres alles machen, lohnt sich ein Blick in unser Jahrbuch! Martin-Heidegger-Gymnasium [&hellip;]<\/p>\n","protected":false},"author":1,"featured_media":0,"parent":0,"menu_order":0,"comment_status":"closed","ping_status":"closed","template":"","meta":{"footnotes":""},"class_list":["post-556","page","type-page","status-publish","hentry"],"_links":{"self":[{"href":"https:\/\/mhgmesskirch.de\/mhg\/index.php?rest_route=\/wp\/v2\/pages\/556","targetHints":{"allow":["GET"]}}],"collection":[{"href":"https:\/\/mhgmesskirch.de\/mhg\/index.php?rest_route=\/wp\/v2\/pages"}],"about":[{"href":"https:\/\/mhgmesskirch.de\/mhg\/index.php?rest_route=\/wp\/v2\/types\/page"}],"author":[{"embeddable":true,"href":"https:\/\/mhgmesskirch.de\/mhg\/index.php?rest_route=\/wp\/v2\/users\/1"}],"replies":[{"embeddable":true,"href":"https:\/\/mhgmesskirch.de\/mhg\/index.php?rest_route=%2Fwp%2Fv2%2Fcomments&post=556"}],"version-history":[{"count":66,"href":"https:\/\/mhgmesskirch.de\/mhg\/index.php?rest_route=\/wp\/v2\/pages\/556\/revisions"}],"predecessor-version":[{"id":4068,"href":"https:\/\/mhgmesskirch.de\/mhg\/index.php?rest_route=\/wp\/v2\/pages\/556\/revisions\/4068"}],"wp:attachment":[{"href":"https:\/\/mhgmesskirch.de\/mhg\/index.php?rest_route=%2Fwp%2Fv2%2Fmedia&parent=556"}],"curies":[{"name":"wp","href":"https:\/\/api.w.org\/{rel}","templated":true}]}}