{"id":595,"date":"2022-09-14T18:30:54","date_gmt":"2022-09-14T18:30:54","guid":{"rendered":"https:\/\/web49967.greatnet-hosting.de\/wordpress_10\/?page_id=595"},"modified":"2023-12-01T06:55:19","modified_gmt":"2023-12-01T06:55:19","slug":"schach","status":"publish","type":"page","link":"https:\/\/mhgmesskirch.de\/mhg\/?page_id=595","title":{"rendered":"Schach"},"content":{"rendered":"\n<p>In der <strong>Schach-AG<\/strong> des MHGs k\u00f6nnen alle Sch\u00fcler*innen das k\u00f6nigliche Spiel lernen und ihre Taktik und Strategie verfeinern. Hier findet jeder einen Spiel- und Trainingspartner. Neben dem freien Spiel findet ein abwechslungsreiches Training statt.<\/p>\n\n\n\n<p>Allen Interessierten bietet sich dabei die M\u00f6glichkeit, die offiziellen Schachdiplome des Deutschen Schachbundes zu erwerben. Beginnend mit dem Bauerndiplom und dem folgenden Turmdiplom, welche im Rahmen der AG abgelegt werden k\u00f6nnen, kann dann das h\u00f6chste Diplom \u2013 das K\u00f6nigsdiplom \u2013 zum Abschluss in Zusammenarbeit mit dem Schachclub Me\u00dfkirch erworben werden.<\/p>\n\n\n\n<figure class=\"wp-block-image size-full\"><img loading=\"lazy\" decoding=\"async\" width=\"5510\" height=\"3673\" src=\"https:\/\/mhgmesskirch.de\/mhg\/wp-content\/uploads\/2023\/11\/Projekt2.jpg\" alt=\"\" class=\"wp-image-2851\"\/><\/figure>\n","protected":false},"excerpt":{"rendered":"<p>In der Schach-AG des MHGs k\u00f6nnen alle Sch\u00fcler*innen das k\u00f6nigliche Spiel lernen und ihre Taktik und Strategie verfeinern. Hier findet jeder einen Spiel- und Trainingspartner. Neben dem freien Spiel findet ein abwechslungsreiches Training statt. Allen Interessierten bietet sich dabei die M\u00f6glichkeit, die offiziellen Schachdiplome des Deutschen Schachbundes zu erwerben. Beginnend mit dem Bauerndiplom und dem [&hellip;]<\/p>\n","protected":false},"author":1,"featured_media":0,"parent":0,"menu_order":0,"comment_status":"closed","ping_status":"closed","template":"","meta":{"footnotes":""},"class_list":["post-595","page","type-page","status-publish","hentry"],"_links":{"self":[{"href":"https:\/\/mhgmesskirch.de\/mhg\/index.php?rest_route=\/wp\/v2\/pages\/595","targetHints":{"allow":["GET"]}}],"collection":[{"href":"https:\/\/mhgmesskirch.de\/mhg\/index.php?rest_route=\/wp\/v2\/pages"}],"about":[{"href":"https:\/\/mhgmesskirch.de\/mhg\/index.php?rest_route=\/wp\/v2\/types\/page"}],"author":[{"embeddable":true,"href":"https:\/\/mhgmesskirch.de\/mhg\/index.php?rest_route=\/wp\/v2\/users\/1"}],"replies":[{"embeddable":true,"href":"https:\/\/mhgmesskirch.de\/mhg\/index.php?rest_route=%2Fwp%2Fv2%2Fcomments&post=595"}],"version-history":[{"count":3,"href":"https:\/\/mhgmesskirch.de\/mhg\/index.php?rest_route=\/wp\/v2\/pages\/595\/revisions"}],"predecessor-version":[{"id":2872,"href":"https:\/\/mhgmesskirch.de\/mhg\/index.php?rest_route=\/wp\/v2\/pages\/595\/revisions\/2872"}],"wp:attachment":[{"href":"https:\/\/mhgmesskirch.de\/mhg\/index.php?rest_route=%2Fwp%2Fv2%2Fmedia&parent=595"}],"curies":[{"name":"wp","href":"https:\/\/api.w.org\/{rel}","templated":true}]}}