{"id":629,"date":"2022-09-14T18:41:41","date_gmt":"2022-09-14T18:41:41","guid":{"rendered":"https:\/\/web49967.greatnet-hosting.de\/wordpress_10\/?page_id=629"},"modified":"2022-11-16T16:25:47","modified_gmt":"2022-11-16T16:25:47","slug":"wettbewerbe","status":"publish","type":"page","link":"https:\/\/mhgmesskirch.de\/mhg\/?page_id=629","title":{"rendered":"Wettbewerbe"},"content":{"rendered":"\n<h2 class=\"wp-block-heading\">Mathematik-Wettbewerbe<\/h2>\n\n\n\n<p>Interessierte Sch\u00fclerinnen und Sch\u00fcler k\u00f6nnen sich jederzeit bei <strong>Herrn Adler<\/strong> melden.<\/p>\n\n\n\n<figure class=\"wp-block-image\"><img decoding=\"async\" src=\"http:\/\/mhgmesskirch.de\/wbce\/media\/mathematik\/logos-mathe.png\" alt=\"\"\/><\/figure>\n\n\n\n<p>Links zu einigen Wettbewerben: <a href=\"http:\/\/www.schule-bw.de\/unterricht\/faecher\/mathematik\/wettbewerbe\/pdm\/aufgabe.html\">Problem des Monats<\/a>, <a href=\"http:\/\/www.mathematikohnegrenzen.de\/\">Mathematik ohne Grenzen<\/a>, <a href=\"http:\/\/www.mathe-kaenguru.de\/\">K\u00e4nguru-Wettbewerb<\/a>, <a href=\"http:\/\/www.landeswettbewerb-mathematik.de\/\">Landeswettbewerb-Mathematik<\/a>, <a href=\"http:\/\/www.mathe-wettbewerbe.de\/bwm\">Bundesweite Wettbewerbe (Olympiade, Jugend trainiert, &#8230;)<\/a><\/p>\n","protected":false},"excerpt":{"rendered":"<p>Mathematik-Wettbewerbe Interessierte Sch\u00fclerinnen und Sch\u00fcler k\u00f6nnen sich jederzeit bei Herrn Adler melden. Links zu einigen Wettbewerben: Problem des Monats, Mathematik ohne Grenzen, K\u00e4nguru-Wettbewerb, Landeswettbewerb-Mathematik, Bundesweite Wettbewerbe (Olympiade, Jugend trainiert, &#8230;)<\/p>\n","protected":false},"author":1,"featured_media":0,"parent":0,"menu_order":0,"comment_status":"closed","ping_status":"closed","template":"","meta":{"footnotes":""},"class_list":["post-629","page","type-page","status-publish","hentry"],"_links":{"self":[{"href":"https:\/\/mhgmesskirch.de\/mhg\/index.php?rest_route=\/wp\/v2\/pages\/629","targetHints":{"allow":["GET"]}}],"collection":[{"href":"https:\/\/mhgmesskirch.de\/mhg\/index.php?rest_route=\/wp\/v2\/pages"}],"about":[{"href":"https:\/\/mhgmesskirch.de\/mhg\/index.php?rest_route=\/wp\/v2\/types\/page"}],"author":[{"embeddable":true,"href":"https:\/\/mhgmesskirch.de\/mhg\/index.php?rest_route=\/wp\/v2\/users\/1"}],"replies":[{"embeddable":true,"href":"https:\/\/mhgmesskirch.de\/mhg\/index.php?rest_route=%2Fwp%2Fv2%2Fcomments&post=629"}],"version-history":[{"count":2,"href":"https:\/\/mhgmesskirch.de\/mhg\/index.php?rest_route=\/wp\/v2\/pages\/629\/revisions"}],"predecessor-version":[{"id":1103,"href":"https:\/\/mhgmesskirch.de\/mhg\/index.php?rest_route=\/wp\/v2\/pages\/629\/revisions\/1103"}],"wp:attachment":[{"href":"https:\/\/mhgmesskirch.de\/mhg\/index.php?rest_route=%2Fwp%2Fv2%2Fmedia&parent=629"}],"curies":[{"name":"wp","href":"https:\/\/api.w.org\/{rel}","templated":true}]}}