{"id":642,"date":"2022-09-14T18:41:41","date_gmt":"2022-09-14T18:41:41","guid":{"rendered":"https:\/\/web49967.greatnet-hosting.de\/wordpress_10\/?page_id=642"},"modified":"2023-11-29T10:56:52","modified_gmt":"2023-11-29T10:56:52","slug":"japan","status":"publish","type":"page","link":"https:\/\/mhgmesskirch.de\/mhg\/?page_id=642","title":{"rendered":"Japan"},"content":{"rendered":"\n<p class=\"has-medium-font-size\"><strong>Jugendaustausch der St\u00e4dte Me\u00dfkirch und Kahoku, Japan<\/strong><\/p>\n\n\n\n<p>Kahoku liegt in der Pr\u00e4fektur Ishikawa direkt am Japanischen Meer in der Region Ch\u016bbu auf Honsh\u016b, der gr\u00f6\u00dften Insel Japans. Bekannt ist Kahoku als Geburtsort des Philosophen Nishida Kitaro. Me\u00dfkirchs St\u00e4dtepartnerschaft mit Kahoku besteht seit dem 3. Mai 1985. Seit vielen Jahren findet im Herbst im allj\u00e4hrlichen Wechsel ein gegenseitiger Besuch einer Sch\u00fclergruppe statt. Die Teilnehmer*innen des Austauschs, die aus Sch\u00fcler*innen unserer Schule und der Grafen-von-Zimmern-Realschule bestehen, beherbergen so in einem Jahr die Teilnehmer*innen aus Japan und haben dann im n\u00e4chsten Jahr selbst die M\u00f6glichkeit, nach Kahoku zu reisen und einen Einblick in den japanischen Alltag zu bekommen. Die deutsche Reisegruppe wird dann von Gastfamilien von Sch\u00fcler*innen der drei Mittelschulen Unoke, Kahokudai und Takamatsu beherbergt. Auf vielen Ausfl\u00fcgen lernt man die Umgebung unserer Partnerstadt und die japanische Kultur kennen. Fehlende Japanischkenntnisse sind kein Grund, nicht am Austausch teilnehmen zu k\u00f6nnen, da wir immer von einer \u00dcbersetzerin bzw. einem \u00dcbersetzer begleitet werden. Der Austausch richtet sich prinzipiell an Sch\u00fcler*innen der Klassenstufen 8-11, wobei der Besuch in Japan in den Klassenstufen 9\/10 stattfinden sollte.<\/p>\n\n\n\n<figure class=\"wp-block-image size-full\"><img loading=\"lazy\" decoding=\"async\" width=\"1600\" height=\"1200\" src=\"https:\/\/mhgmesskirch.de\/mhg\/wp-content\/uploads\/2023\/11\/Japan.jpg\" alt=\"\" class=\"wp-image-2868\"\/><\/figure>\n\n\n\n<p>Eindr\u00fccke vom letzten Austausch erh\u00e4ltst du an der Japanwand im ersten Stock bei den Treppen.<\/p>\n\n\n\n<p><strong>Aus aktuellem Anlass:<\/strong><\/p>\n\n\n\n<p><strong>Aufgrund der COVID-19-Pandemie musste bzw. muss der Jugendaustausch in den Jahren 2020 und 2021 leider pausieren. Wir hoffen, dass uns die japanische Sch\u00fclergruppe zeitnah besuchen kann. Wenn du dir vorstellen kannst, eine japanische Gastsch\u00fclerin bzw. einen japanischen Gastsch\u00fcler aufzunehmen und dann selbst nach Japan m\u00f6chtest, dann melde dich bitte bei Herrn Milos.<\/strong><\/p>\n","protected":false},"excerpt":{"rendered":"<p>Jugendaustausch der St\u00e4dte Me\u00dfkirch und Kahoku, Japan Kahoku liegt in der Pr\u00e4fektur Ishikawa direkt am Japanischen Meer in der Region Ch\u016bbu auf Honsh\u016b, der gr\u00f6\u00dften Insel Japans. Bekannt ist Kahoku als Geburtsort des Philosophen Nishida Kitaro. Me\u00dfkirchs St\u00e4dtepartnerschaft mit Kahoku besteht seit dem 3. Mai 1985. Seit vielen Jahren findet im Herbst im allj\u00e4hrlichen Wechsel [&hellip;]<\/p>\n","protected":false},"author":1,"featured_media":0,"parent":0,"menu_order":0,"comment_status":"closed","ping_status":"closed","template":"","meta":{"footnotes":""},"class_list":["post-642","page","type-page","status-publish","hentry"],"_links":{"self":[{"href":"https:\/\/mhgmesskirch.de\/mhg\/index.php?rest_route=\/wp\/v2\/pages\/642","targetHints":{"allow":["GET"]}}],"collection":[{"href":"https:\/\/mhgmesskirch.de\/mhg\/index.php?rest_route=\/wp\/v2\/pages"}],"about":[{"href":"https:\/\/mhgmesskirch.de\/mhg\/index.php?rest_route=\/wp\/v2\/types\/page"}],"author":[{"embeddable":true,"href":"https:\/\/mhgmesskirch.de\/mhg\/index.php?rest_route=\/wp\/v2\/users\/1"}],"replies":[{"embeddable":true,"href":"https:\/\/mhgmesskirch.de\/mhg\/index.php?rest_route=%2Fwp%2Fv2%2Fcomments&post=642"}],"version-history":[{"count":5,"href":"https:\/\/mhgmesskirch.de\/mhg\/index.php?rest_route=\/wp\/v2\/pages\/642\/revisions"}],"predecessor-version":[{"id":2869,"href":"https:\/\/mhgmesskirch.de\/mhg\/index.php?rest_route=\/wp\/v2\/pages\/642\/revisions\/2869"}],"wp:attachment":[{"href":"https:\/\/mhgmesskirch.de\/mhg\/index.php?rest_route=%2Fwp%2Fv2%2Fmedia&parent=642"}],"curies":[{"name":"wp","href":"https:\/\/api.w.org\/{rel}","templated":true}]}}