{"id":643,"date":"2022-09-14T18:41:41","date_gmt":"2022-09-14T18:41:41","guid":{"rendered":"https:\/\/web49967.greatnet-hosting.de\/wordpress_10\/?page_id=643"},"modified":"2026-02-19T15:26:38","modified_gmt":"2026-02-19T15:26:38","slug":"oberstufenberatung","status":"publish","type":"page","link":"https:\/\/mhgmesskirch.de\/mhg\/?page_id=643","title":{"rendered":"Oberstufenberatung"},"content":{"rendered":"\n<p>F\u00fcr die Oberstufenberatung ist Frau Rettich zust\u00e4ndig. Sie informiert rund um die Kurswahl in Klasse 10, koordiniert das Kursangebot, ist Ansprechpartnerin f\u00fcr alle Fragen rund um die Kursstufe und ist verantwortlich f\u00fcr Notenerfassung und Zeugniserstellung.<\/p>\n\n\n\n<p>Den Leitfaden zum Abitur 2026 findet ihr <a href=\"https:\/\/mhgmesskirch.de\/mhg\/wp-content\/uploads\/2024\/01\/2023-11-15-Leitfaden_Abitur_2026_BF.pdf\">hier.<\/a><\/p>\n\n\n\n<p>Den Leitfaden zum Abitur 2027 findet ihr <a href=\"https:\/\/mhgmesskirch.de\/mhg\/wp-content\/uploads\/2025\/03\/Leitfaden_Abitur_2027_final.pdf\" data-type=\"link\" data-id=\"https:\/\/mhgmesskirch.de\/mhg\/wp-content\/uploads\/2025\/03\/Leitfaden_Abitur_2027_final.pdf\" target=\"_blank\" rel=\"noreferrer noopener\">hie<\/a><a href=\"https:\/\/mhgmesskirch.de\/mhg\/wp-content\/uploads\/2025\/03\/Leitfaden_Abitur_2027_final.pdf\">r.<\/a><\/p>\n\n\n\n<p>Den Leitfaden zum Abitur 2028 findet ihr <a href=\"https:\/\/km.baden-wuerttemberg.de\/fileadmin\/redaktion\/m-km\/intern\/PDF\/Publikationen\/Gymnasium\/2025-12-16-Leitfaden-ABI-2028.pdf\" data-type=\"link\" data-id=\"https:\/\/km.baden-wuerttemberg.de\/fileadmin\/redaktion\/m-km\/intern\/PDF\/Publikationen\/Gymnasium\/2025-12-16-Leitfaden-ABI-2028.pdf\">hier<\/a>.<\/p>\n","protected":false},"excerpt":{"rendered":"<p>F\u00fcr die Oberstufenberatung ist Frau Rettich zust\u00e4ndig. Sie informiert rund um die Kurswahl in Klasse 10, koordiniert das Kursangebot, ist Ansprechpartnerin f\u00fcr alle Fragen rund um die Kursstufe und ist verantwortlich f\u00fcr Notenerfassung und Zeugniserstellung. Den Leitfaden zum Abitur 2026 findet ihr hier. Den Leitfaden zum Abitur 2027 findet ihr hier. Den Leitfaden zum Abitur [&hellip;]<\/p>\n","protected":false},"author":1,"featured_media":0,"parent":0,"menu_order":0,"comment_status":"closed","ping_status":"closed","template":"","meta":{"footnotes":""},"class_list":["post-643","page","type-page","status-publish","hentry"],"_links":{"self":[{"href":"https:\/\/mhgmesskirch.de\/mhg\/index.php?rest_route=\/wp\/v2\/pages\/643","targetHints":{"allow":["GET"]}}],"collection":[{"href":"https:\/\/mhgmesskirch.de\/mhg\/index.php?rest_route=\/wp\/v2\/pages"}],"about":[{"href":"https:\/\/mhgmesskirch.de\/mhg\/index.php?rest_route=\/wp\/v2\/types\/page"}],"author":[{"embeddable":true,"href":"https:\/\/mhgmesskirch.de\/mhg\/index.php?rest_route=\/wp\/v2\/users\/1"}],"replies":[{"embeddable":true,"href":"https:\/\/mhgmesskirch.de\/mhg\/index.php?rest_route=%2Fwp%2Fv2%2Fcomments&post=643"}],"version-history":[{"count":9,"href":"https:\/\/mhgmesskirch.de\/mhg\/index.php?rest_route=\/wp\/v2\/pages\/643\/revisions"}],"predecessor-version":[{"id":4149,"href":"https:\/\/mhgmesskirch.de\/mhg\/index.php?rest_route=\/wp\/v2\/pages\/643\/revisions\/4149"}],"wp:attachment":[{"href":"https:\/\/mhgmesskirch.de\/mhg\/index.php?rest_route=%2Fwp%2Fv2%2Fmedia&parent=643"}],"curies":[{"name":"wp","href":"https:\/\/api.w.org\/{rel}","templated":true}]}}