{"id":644,"date":"2022-09-14T18:41:41","date_gmt":"2022-09-14T18:41:41","guid":{"rendered":"https:\/\/web49967.greatnet-hosting.de\/wordpress_10\/?page_id=644"},"modified":"2025-02-03T13:24:08","modified_gmt":"2025-02-03T13:24:08","slug":"berufsorientierung","status":"publish","type":"page","link":"https:\/\/mhgmesskirch.de\/mhg\/?page_id=644","title":{"rendered":"Berufsorientierung am Martin-Heidegger-Gymnasium"},"content":{"rendered":"\n<p>Am Ende ihrer Schulzeit kommt es f\u00fcr unsere Abiturient*innen mit dem Eintritt in Studium und Berufsleben zu weitreichenden Ver\u00e4nderungen. Selbstverst\u00e4ndlich m\u00f6chten wir unsere Sch\u00fcler*innen auch hierbei bestm\u00f6glich unterst\u00fctzen. Mit dem Bildungsplan 2016 r\u00fcckte die <strong>Berufsorientierung<\/strong> als Leitperspektive noch st\u00e4rker ins Zentrum der gymnasialen Bildung. Vor diesem Hintergrund haben wir unser bestehendes <strong>BOGY-Konzept<\/strong> (BOGY: Berufs- und Studienorientierung an Gymnasien) in den letzten Jahren stetig erweitert und angepasst.<\/p>\n\n\n\n<p>Auch wenn der Schwerpunkt unseres BOGY-Konzeptes auf Veranstaltungen ab Klasse 10 liegt, ist es unser ausdr\u00fcckliches Ziel, bei Sch\u00fcler*innen m\u00f6glichst fr\u00fch Interesse f\u00fcr die Gestaltung der eigenen beruflichen Zukunft zu wecken. Deshalb flie\u00dft die Berufsorientierung bereits in der Unterstufe immer wieder f\u00e4cher\u00fcbergreifend in unterschiedliche Unterrichtssituationen ein. Flankiert wird dies seit einigen Jahren durch das <strong>Schulfach WBS<\/strong> (Wirtschaft, Berufs- und Studienorientierung), das ab Klasse 8 unterrichtet wird und die Auseinandersetzung mit der Berufs- und Arbeitswelt explizit zum Thema macht. Dar\u00fcber hinaus wird in Klasse 8 die Auseinandersetzung mit Berufen intensiviert, indem unsere Sch\u00fcler*innen am bundesweiten Aktionstag zur klischeefreien Berufsorientierung, dem <strong>Girls\u2018- und Boys\u2018-Day<\/strong> teilnehmen. M\u00e4dchen erkunden im Rahmen eines eint\u00e4gigen Praktikums Berufe, die von traditionell weiblichen Berufsbildern abweichen und mehr Zukunftschancen bieten, w\u00e4hrend Jungen Berufe kennenlernen, in denen bisher meist Frauen arbeiten.<\/p>\n\n\n\n<p>Am <strong>Tag der Berufsorientierung<\/strong> werden in Kooperation mit der Sparkasse Pfullendorf-Me\u00dfkirch das Erstellen einer Bewerbung ge\u00fcbt sowie Interessens- und Eignungstests zur Erkennung der eigenen Potentiale sowie m\u00f6glicher Berufsfelder durchgef\u00fchrt. Der Tag der Berufsorientierung diente den zehnten Klassen zur Vorbereitung ihres zweiw\u00f6chigen <strong>BOGY-Praktikums<\/strong>, das den Sch\u00fclerinnen und Sch\u00fcler der Klassen 10 einen aufregenden, erfahrungs- und abwechslungsreichen Einblick in die Berufswelt gew\u00e4hrt. In Zusammenarbeit mit der Agentur f\u00fcr Arbeit (AfA) Sigmaringen findet \u00fcberdies f\u00fcr die Klassen 11 ein <strong>Elternabend zur Berufsorientierung<\/strong> statt, an dem Eltern \u00fcber die verschiedenen Wege und Ausbildungs- bzw. Studienm\u00f6glichkeiten nach der gymnasialen Oberstufe informiert werden.<\/p>\n\n\n\n<p>Auch der Besuch von <strong>Ausbildungsmessen<\/strong> ist fester Bestandteil unseres BOGY-Konzeptes. Sch\u00fcler*innen der Klassen 11 besuchen im Zuge dessen j\u00e4hrlich die <strong>Bildungsmesse VISIONEN<\/strong>, die an der Hochschule Albstadt-Sigmaringen von der Wirtschaftsf\u00f6rderung (WFS) Sigmaringen ausgerichtet wird. Dies erm\u00f6glicht es unseren Sch\u00fcler*innen, verschiedene Ausbildungs- und Karriereoptionen kennenzulernen sowie Kontakte zu potenziellen regionalen Arbeitgebern zu kn\u00fcpfen.<\/p>\n\n\n\n<p>Im Rahmen des landesweiten <strong>Studieninformationstages<\/strong> besuchen unsere Sch\u00fcler*innen der Klasse 11 in eigenverantwortlicher Organisation jedes Jahr im November eine Hochschule ihrer Wahl, um Informationen \u00fcber Studieng\u00e4nge und erste Anregungen f\u00fcr eine Wahl eines m\u00f6glichen Studienortes zu erhalten.<\/p>\n\n\n\n<p>Eine besondere Veranstaltung f\u00fcr die Sch\u00fcler*innen der Kursstufe sowie f\u00fcr interessierte Eltern gibt es in Kooperation mit dem F\u00f6rderverein der Schule. Im Rahmen des <strong>Studienbotschafter*innen-Abends<\/strong> stellen ehemalige Sch\u00fcler*innen des MHG dem jungen Publikum ihren beruflichen Werdegang in verschiedenen Bereichen vor und stehen im Anschluss f\u00fcr Fragen Rede und Antwort. Aus erster Hand gewonnene und authentisch vermittelte Erkenntnisse sind stets au\u00dferordentlich wertvoll im Hinblick auf den Berufswahlprozess.<\/p>\n\n\n\n<p>Bei der Umsetzung unseres BOGY-Konzeptes werden wir auch von <strong>au\u00dferschulischen Bildungspartnern<\/strong> unterst\u00fctzt. Diese sind:<\/p>\n\n\n\n<ul class=\"wp-block-list\">\n<li><em>Agentur f\u00fcr Arbeit (AfA) Sigmaringen<\/em><\/li>\n\n\n\n<li><em>Sparkasse Pfullendorf-Me\u00dfkirch<\/em><\/li>\n\n\n\n<li><em>BIX Lackierungen GmbH Me\u00dfkirch<\/em><\/li>\n\n\n\n<li><em>Geberit AG Pfullendorf<\/em><\/li>\n\n\n\n<li><em>DHBW Ravensburg<\/em><\/li>\n<\/ul>\n\n\n\n<p>Eine S\u00e4ule der Zusammenarbeit sind hierbei <strong>Besichtigungen unserer Partnerunternehmen<\/strong>. F\u00fcr die Klassen 9 findet j\u00e4hrlich eine Besichtigung der Produktionshallen der Firma Geberit in Pfullendorf statt. Bei unserem Bildungspartner BIX Lackierungen in Me\u00dfkirch und erh\u00e4lt die Klasse 11 jedes Jahr eine F\u00fchrung mit anschlie\u00dfendem Bewerbertraining. Dies unterst\u00fctzt den beruflichen Orientierungsprozess ebenso wie verschiedene <strong>Informationsveranstaltungen<\/strong> in Zusammenarbeit mit den Kooperationspartnern. Beispielhaft ist hier eine Informationsveranstaltung der DHBW Ravensburg zu nennen, bei der Vertreter*innen der Hochschule zu uns ans Martin-Heidegger-Gymnasium kommen, um das Duale Studium vorzustellen.<\/p>\n\n\n\n<p>Das gesamte Konzept mit einer Vielzahl weiterer Veranstaltungen setzt sich zum Ziel, dass alle unsere Abiturient*innen das Martin-Heidegger-Gymnasium mit einem konkreten Plan f\u00fcr den ersten Schritt in die eigene berufliche Zukunft verlassen. Um dies zu gew\u00e4hrleisten, wird in der Kursstufe mehrfach der pers\u00f6nliche Stand der beruflichen Orientierung unserer Sch\u00fcler*innen evaluiert und dokumentiert. Au\u00dferdem finden in Kooperation mit der Agentur f\u00fcr Arbeit (AfA) durch unseren Berufsberater, Herrn Feuerstein, regelm\u00e4\u00dfig <strong>individuelle Berufsberatungen<\/strong> f\u00fcr unsere Kursstufensch\u00fcler*innen statt. Nicht zuletzt steht der Verantwortliche f\u00fcr die Berufsorientierung, Herr Fleisch, f\u00fcr Hilfe bei Bewerbungen und Beratungstermine jederzeit zur Verf\u00fcgung, um offene Fragen zu kl\u00e4ren.<\/p>\n\n\n\n<p>Die wichtigsten Elemente der Berufsorientierung am Martin-Heidegger-Gymnasium im \u00dcberblick:<\/p>\n\n\n\n<figure class=\"wp-block-image size-full\"><img loading=\"lazy\" decoding=\"async\" width=\"983\" height=\"842\" src=\"https:\/\/mhgmesskirch.de\/mhg\/wp-content\/uploads\/2025\/02\/bogy-tabelle.png\" alt=\"\" class=\"wp-image-3492\" srcset=\"https:\/\/mhgmesskirch.de\/mhg\/wp-content\/uploads\/2025\/02\/bogy-tabelle.png 983w, https:\/\/mhgmesskirch.de\/mhg\/wp-content\/uploads\/2025\/02\/bogy-tabelle-300x257.png 300w, https:\/\/mhgmesskirch.de\/mhg\/wp-content\/uploads\/2025\/02\/bogy-tabelle-768x658.png 768w\" sizes=\"auto, (max-width: 983px) 100vw, 983px\" \/><\/figure>\n","protected":false},"excerpt":{"rendered":"<p>Am Ende ihrer Schulzeit kommt es f\u00fcr unsere Abiturient*innen mit dem Eintritt in Studium und Berufsleben zu weitreichenden Ver\u00e4nderungen. Selbstverst\u00e4ndlich m\u00f6chten wir unsere Sch\u00fcler*innen auch hierbei bestm\u00f6glich unterst\u00fctzen. Mit dem Bildungsplan 2016 r\u00fcckte die Berufsorientierung als Leitperspektive noch st\u00e4rker ins Zentrum der gymnasialen Bildung. Vor diesem Hintergrund haben wir unser bestehendes BOGY-Konzept (BOGY: Berufs- und [&hellip;]<\/p>\n","protected":false},"author":1,"featured_media":0,"parent":0,"menu_order":0,"comment_status":"closed","ping_status":"closed","template":"","meta":{"footnotes":""},"class_list":["post-644","page","type-page","status-publish","hentry"],"_links":{"self":[{"href":"https:\/\/mhgmesskirch.de\/mhg\/index.php?rest_route=\/wp\/v2\/pages\/644","targetHints":{"allow":["GET"]}}],"collection":[{"href":"https:\/\/mhgmesskirch.de\/mhg\/index.php?rest_route=\/wp\/v2\/pages"}],"about":[{"href":"https:\/\/mhgmesskirch.de\/mhg\/index.php?rest_route=\/wp\/v2\/types\/page"}],"author":[{"embeddable":true,"href":"https:\/\/mhgmesskirch.de\/mhg\/index.php?rest_route=\/wp\/v2\/users\/1"}],"replies":[{"embeddable":true,"href":"https:\/\/mhgmesskirch.de\/mhg\/index.php?rest_route=%2Fwp%2Fv2%2Fcomments&post=644"}],"version-history":[{"count":5,"href":"https:\/\/mhgmesskirch.de\/mhg\/index.php?rest_route=\/wp\/v2\/pages\/644\/revisions"}],"predecessor-version":[{"id":3491,"href":"https:\/\/mhgmesskirch.de\/mhg\/index.php?rest_route=\/wp\/v2\/pages\/644\/revisions\/3491"}],"wp:attachment":[{"href":"https:\/\/mhgmesskirch.de\/mhg\/index.php?rest_route=%2Fwp%2Fv2%2Fmedia&parent=644"}],"curies":[{"name":"wp","href":"https:\/\/api.w.org\/{rel}","templated":true}]}}