{"id":647,"date":"2022-09-14T18:41:42","date_gmt":"2022-09-14T18:41:42","guid":{"rendered":"https:\/\/web49967.greatnet-hosting.de\/wordpress_10\/?page_id=647"},"modified":"2026-03-06T07:15:50","modified_gmt":"2026-03-06T07:15:50","slug":"formulare","status":"publish","type":"page","link":"https:\/\/mhgmesskirch.de\/mhg\/?page_id=647","title":{"rendered":"Formulare"},"content":{"rendered":"\n<p><a href=\"https:\/\/mhgmesskirch.de\/mhg\/wp-content\/uploads\/2026\/01\/Anmeldung-2026-Kl-5.pdf\" target=\"_blank\" rel=\"noreferrer noopener\">Anmeldeformular f\u00fcr Viertkl\u00e4ssler<\/a><\/p>\n\n\n\n<p><a href=\"https:\/\/mhgmesskirch.de\/mhg\/wp-content\/uploads\/2022\/12\/RAB-Elterninfo-ab-2023.pdf\" data-type=\"attachment\" data-id=\"1729\">Information der RAB<\/a><\/p>\n\n\n\n<p><a href=\"https:\/\/mhgmesskirch.de\/mhg\/wp-content\/uploads\/2023\/10\/Busverbindungen24.pdf\">Busfahrpl\u00e4ne<\/a><\/p>\n\n\n\n<p><a href=\"https:\/\/mhgmesskirch.de\/mhg\/wp-content\/uploads\/2023\/03\/Vordruck-Schriftliche-Entschuldigung-bei-Abwesenheit.pdf\">Vordruck schriftliche Entschuldigung<\/a><\/p>\n\n\n\n<p><a href=\"https:\/\/mhgmesskirch.de\/mhg\/wp-content\/uploads\/2023\/03\/Antrag-auf-Beurlaubung.pdf\">Vordruck Antrag auf Beurlaubung<\/a><\/p>\n\n\n\n<p><a href=\"https:\/\/mhgmesskirch.de\/mhg\/wp-content\/uploads\/2023\/08\/Austritt-Religionsunterricht-unter-14-Jahren.pdf\">Abmeldung Religionsunterricht unter 14 Jahren<\/a><\/p>\n\n\n\n<p><a href=\"https:\/\/mhgmesskirch.de\/mhg\/wp-content\/uploads\/2023\/08\/Austritt-Religionsunterricht-ab-14-Jahren.pdf\">Abmeldung Religionsunterricht ab 14 Jahren<\/a><\/p>\n\n\n\n<p><a href=\"https:\/\/mhgmesskirch.de\/mhg\/wp-content\/uploads\/2025\/05\/GFS_Bewertungsbogen-ab-2025.pdf\" data-type=\"URL\" data-id=\"https:\/\/mhgmesskirch.de\/mhg\/wp-content\/uploads\/2023\/11\/GFS-Bewertung-des-erbrachten-Leistungsnachweises2023.pdf\" target=\"_blank\" rel=\"noreferrer noopener\">Bewertung des erbrachten Leistungsnachweises (im Rahmen einer GFS nach \u00a77(3) AGVO)<\/a><\/p>\n\n\n\n<p><a href=\"https:\/\/mhgmesskirch.de\/neuespasswort\/index.php\" target=\"_blank\" rel=\"noreferrer noopener\">Antrag auf ein neues Passwort<\/a><\/p>\n\n\n\n<p><\/p>\n","protected":false},"excerpt":{"rendered":"<p>Anmeldeformular f\u00fcr Viertkl\u00e4ssler Information der RAB Busfahrpl\u00e4ne Vordruck schriftliche Entschuldigung Vordruck Antrag auf Beurlaubung Abmeldung Religionsunterricht unter 14 Jahren Abmeldung Religionsunterricht ab 14 Jahren Bewertung des erbrachten Leistungsnachweises (im Rahmen einer GFS nach \u00a77(3) AGVO) Antrag auf ein neues Passwort<\/p>\n","protected":false},"author":1,"featured_media":0,"parent":0,"menu_order":0,"comment_status":"closed","ping_status":"closed","template":"","meta":{"footnotes":""},"class_list":["post-647","page","type-page","status-publish","hentry"],"_links":{"self":[{"href":"https:\/\/mhgmesskirch.de\/mhg\/index.php?rest_route=\/wp\/v2\/pages\/647","targetHints":{"allow":["GET"]}}],"collection":[{"href":"https:\/\/mhgmesskirch.de\/mhg\/index.php?rest_route=\/wp\/v2\/pages"}],"about":[{"href":"https:\/\/mhgmesskirch.de\/mhg\/index.php?rest_route=\/wp\/v2\/types\/page"}],"author":[{"embeddable":true,"href":"https:\/\/mhgmesskirch.de\/mhg\/index.php?rest_route=\/wp\/v2\/users\/1"}],"replies":[{"embeddable":true,"href":"https:\/\/mhgmesskirch.de\/mhg\/index.php?rest_route=%2Fwp%2Fv2%2Fcomments&post=647"}],"version-history":[{"count":16,"href":"https:\/\/mhgmesskirch.de\/mhg\/index.php?rest_route=\/wp\/v2\/pages\/647\/revisions"}],"predecessor-version":[{"id":4160,"href":"https:\/\/mhgmesskirch.de\/mhg\/index.php?rest_route=\/wp\/v2\/pages\/647\/revisions\/4160"}],"wp:attachment":[{"href":"https:\/\/mhgmesskirch.de\/mhg\/index.php?rest_route=%2Fwp%2Fv2%2Fmedia&parent=647"}],"curies":[{"name":"wp","href":"https:\/\/api.w.org\/{rel}","templated":true}]}}